{"id":327,"date":"2020-10-05T11:02:44","date_gmt":"2020-10-05T11:02:44","guid":{"rendered":"https:\/\/sdgmusicministry.com\/?page_id=327"},"modified":"2021-12-01T20:44:07","modified_gmt":"2021-12-01T20:44:07","slug":"seminarios-y-tematicas-online-gratuitos","status":"publish","type":"page","link":"https:\/\/sdgmusicministry.com\/en\/seminarios-y-tematicas-online-gratuitos\/","title":{"rendered":"Free online seminars and topics in Spanish"},"content":{"rendered":"<div data-elementor-type=\"wp-page\" data-elementor-id=\"327\" class=\"elementor elementor-327\">\n\t\t\t\t\t\t<section class=\"elementor-section elementor-top-section elementor-element elementor-element-3c5d9bcb elementor-section-boxed elementor-section-height-default elementor-section-height-default\" data-id=\"3c5d9bcb\" data-element_type=\"section\" data-e-type=\"section\">\n\t\t\t\t\t\t<div class=\"elementor-container elementor-column-gap-default\">\n\t\t\t\t\t<div class=\"elementor-column elementor-col-100 elementor-top-column elementor-element elementor-element-5b94c77\" data-id=\"5b94c77\" data-element_type=\"column\" data-e-type=\"column\">\n\t\t\t<div class=\"elementor-widget-wrap elementor-element-populated\">\n\t\t\t\t\t\t<div class=\"elementor-element elementor-element-368fcb4d elementor-widget elementor-widget-text-editor\" data-id=\"368fcb4d\" data-element_type=\"widget\" data-e-type=\"widget\" data-widget_type=\"text-editor.default\">\n\t\t\t\t<div class=\"elementor-widget-container\">\n\t\t\t\t\t\t\t\t\t<p><\/p>\n<p>Aqu\u00ed encontrar\u00e1s todos nuestros seminarios, temas, grabaciones y todo el material que proporcionamos gratuitamente.<\/p>\n<p><\/p>\n<p>Si est\u00e1s interesado en recibir informaci\u00f3n de nuestras actividades y seminarios inscr\u00edbete en nuestra p\u00e1gina de <a href=\"https:\/\/www.facebook.com\/sdgmusicministry\/\" target=\"_blank\" rel=\"noopener\">Facebook page<\/a> o a nuestro canal de <a href=\"https:\/\/www.youtube.com\/channel\/UCwwBmrP_l93pKIWQJ_16GFQ\" target=\"_blank\" rel=\"noopener\">YouTube<\/a>.<\/p>\n<p><\/p>\n<p>Si necesitas contactar con nosotros rellena nuestro formulario o escribenos un email <a href=\"https:\/\/sdgmusicministry.com\/en\/contacto\/\">&#8211;&gt; Contactar<\/a><\/p>\n<p><\/p>\n<p><strong>SEMINARIOS Y TEM\u00c1TICAS<\/strong> (En Espa\u00f1ol)<\/p>\n<p><\/p>\n<ul class=\"wp-block-list\">\n<li><a href=\"https:\/\/www.youtube.com\/watch?v=OHC-pkO_brE\" target=\"_blank\" rel=\"noreferrer noopener\">Cantata Soli Deo Gloria \u00abS\u00ed, ven Se\u00f1or Jes\u00fas\u00bb<\/a><\/li>\n<li><a href=\"https:\/\/www.youtube.com\/playlist?list=PLGRbgA8ZCrPu_vebGa2_oObFkncJLYf-9\" target=\"_blank\" rel=\"noreferrer noopener\">Seminario de M\u00fasica.<\/a><\/li>\n<li><a class=\"yt-simple-endpoint style-scope yt-formatted-string\" dir=\"auto\" spellcheck=\"false\" href=\"https:\/\/www.youtube.com\/watch?v=2EQ7IQozUtU&amp;list=PLGRbgA8ZCrPvYveDjJqaHD3eblzXW7IZo\" target=\"_blank\" rel=\"noopener\">Justificaci\u00f3n por la Fe.<\/a> Presentaciones breves con textos b\u00edblicos y citas inspiradas<\/li>\n<li><strong>Musicalmente Cristiano<\/strong>\n<ul>\n<li><a href=\"https:\/\/www.youtube.com\/watch?v=GRaqvsLj2sM\" target=\"_blank\" rel=\"noopener\">Musicalmente Cristiano I<\/a>.<\/li>\n<li><a href=\"https:\/\/youtu.be\/9GiF9QI0fD0\" target=\"_blank\" rel=\"noopener\">Musicalmente Cristiano II<\/a>.<\/li>\n<li><a href=\"https:\/\/www.youtube.com\/watch?v=8eKc4-cfqmM\" target=\"_blank\" rel=\"noopener\">Musicalmente Cristiano III<\/a><\/li>\n<\/ul>\n<\/li>\n<li><a href=\"https:\/\/youtu.be\/RRvAFnpX7S0\" target=\"_blank\" rel=\"noopener\">El esp\u00edritu de la adoraci\u00f3n<\/a><\/li>\n<li><strong>La Adoraci\u00f3n en el Tiempo del Fin<\/strong>\n<ul>\n<li><a href=\"https:\/\/youtu.be\/4591NnxDRwA\" target=\"_blank\" rel=\"noopener\">Vindicaci\u00f3n y Adoraci\u00f3n<\/a><\/li>\n<li><a href=\"https:\/\/youtu.be\/cKTYtHQyNW8\" target=\"_blank\" rel=\"noopener\">La Adoraci\u00f3n en el Libro de Apocalipsis<\/a><\/li>\n<li><a href=\"https:\/\/youtu.be\/W3WyIyTsbVo\" target=\"_blank\" rel=\"noopener\">La M\u00fasica y el Gran Conflicto<\/a><\/li>\n<\/ul>\n<\/li>\n<\/ul>\n<p><\/p>\t\t\t\t\t\t\t\t<\/div>\n\t\t\t\t<\/div>\n\t\t\t\t\t<\/div>\n\t\t<\/div>\n\t\t\t\t\t<\/div>\n\t\t<\/section>\n\t\t\t\t<\/div>","protected":false},"excerpt":{"rendered":"<p>Aqu\u00ed encontrar\u00e1s todos nuestros seminarios, temas, grabaciones y todo el material que proporcionamos gratuitamente. Si est\u00e1s interesado en recibir informaci\u00f3n de nuestras actividades y seminarios inscr\u00edbete en nuestra p\u00e1gina de Facebook o a nuestro canal de YouTube. Si necesitas contactar [&hellip;]<\/p>\n","protected":false},"author":1,"featured_media":0,"parent":0,"menu_order":0,"comment_status":"closed","ping_status":"closed","template":"","meta":{"inline_featured_image":false,"footnotes":""},"class_list":["post-327","page","type-page","status-publish","hentry","clearfix"],"yoast_head":"<!-- This site is optimized with the Yoast SEO plugin v27.3 - https:\/\/yoast.com\/product\/yoast-seo-wordpress\/ -->\n<title>Seminarios y tem\u00e1ticas online gratuitos - SDG Music Ministry<\/title>\n<meta name=\"robots\" content=\"index, follow, max-snippet:-1, max-image-preview:large, max-video-preview:-1\" \/>\n<link rel=\"canonical\" href=\"https:\/\/sdgmusicministry.com\/en\/seminarios-y-tematicas-online-gratuitos\/\" \/>\n<meta property=\"og:locale\" content=\"en_US\" \/>\n<meta property=\"og:type\" content=\"article\" \/>\n<meta property=\"og:title\" content=\"Seminarios y tem\u00e1ticas online gratuitos - SDG Music Ministry\" \/>\n<meta property=\"og:description\" content=\"Aqu\u00ed encontrar\u00e1s todos nuestros seminarios, temas, grabaciones y todo el material que proporcionamos gratuitamente. Si est\u00e1s interesado en recibir informaci\u00f3n de nuestras actividades y seminarios inscr\u00edbete en nuestra p\u00e1gina de Facebook o a nuestro canal de YouTube. Si necesitas contactar [&hellip;]\" \/>\n<meta property=\"og:url\" content=\"https:\/\/sdgmusicministry.com\/en\/seminarios-y-tematicas-online-gratuitos\/\" \/>\n<meta property=\"og:site_name\" content=\"SDG Music Ministry\" \/>\n<meta property=\"article:publisher\" content=\"https:\/\/www.facebook.com\/SDGmusicministry-845028329214039\/?modal=admin_todo_tour\" \/>\n<meta property=\"article:modified_time\" content=\"2021-12-01T20:44:07+00:00\" \/>\n<meta name=\"twitter:card\" content=\"summary_large_image\" \/>\n<meta name=\"twitter:label1\" content=\"Est. reading time\" \/>\n\t<meta name=\"twitter:data1\" content=\"1 minute\" \/>\n<script type=\"application\/ld+json\" class=\"yoast-schema-graph\">{\"@context\":\"https:\\\/\\\/schema.org\",\"@graph\":[{\"@type\":\"WebPage\",\"@id\":\"https:\\\/\\\/sdgmusicministry.com\\\/seminarios-y-tematicas-online-gratuitos\\\/\",\"url\":\"https:\\\/\\\/sdgmusicministry.com\\\/seminarios-y-tematicas-online-gratuitos\\\/\",\"name\":\"Seminarios y tem\u00e1ticas online gratuitos - SDG Music Ministry\",\"isPartOf\":{\"@id\":\"https:\\\/\\\/sdgmusicministry.com\\\/#website\"},\"datePublished\":\"2020-10-05T11:02:44+00:00\",\"dateModified\":\"2021-12-01T20:44:07+00:00\",\"breadcrumb\":{\"@id\":\"https:\\\/\\\/sdgmusicministry.com\\\/seminarios-y-tematicas-online-gratuitos\\\/#breadcrumb\"},\"inLanguage\":\"en-US\",\"potentialAction\":[{\"@type\":\"ReadAction\",\"target\":[\"https:\\\/\\\/sdgmusicministry.com\\\/seminarios-y-tematicas-online-gratuitos\\\/\"]}]},{\"@type\":\"BreadcrumbList\",\"@id\":\"https:\\\/\\\/sdgmusicministry.com\\\/seminarios-y-tematicas-online-gratuitos\\\/#breadcrumb\",\"itemListElement\":[{\"@type\":\"ListItem\",\"position\":1,\"name\":\"Portada\",\"item\":\"https:\\\/\\\/sdgmusicministry.com\\\/\"},{\"@type\":\"ListItem\",\"position\":2,\"name\":\"Seminarios y tem\u00e1ticas online gratuitos\"}]},{\"@type\":\"WebSite\",\"@id\":\"https:\\\/\\\/sdgmusicministry.com\\\/#website\",\"url\":\"https:\\\/\\\/sdgmusicministry.com\\\/\",\"name\":\"SDG Music Ministry\",\"description\":\"Soli Deo Gloria - Christian Musicians Ministry\",\"publisher\":{\"@id\":\"https:\\\/\\\/sdgmusicministry.com\\\/#organization\"},\"potentialAction\":[{\"@type\":\"SearchAction\",\"target\":{\"@type\":\"EntryPoint\",\"urlTemplate\":\"https:\\\/\\\/sdgmusicministry.com\\\/?s={search_term_string}\"},\"query-input\":{\"@type\":\"PropertyValueSpecification\",\"valueRequired\":true,\"valueName\":\"search_term_string\"}}],\"inLanguage\":\"en-US\"},{\"@type\":\"Organization\",\"@id\":\"https:\\\/\\\/sdgmusicministry.com\\\/#organization\",\"name\":\"SDG Music Ministry\",\"url\":\"https:\\\/\\\/sdgmusicministry.com\\\/\",\"logo\":{\"@type\":\"ImageObject\",\"inLanguage\":\"en-US\",\"@id\":\"https:\\\/\\\/sdgmusicministry.com\\\/#\\\/schema\\\/logo\\\/image\\\/\",\"url\":\"https:\\\/\\\/sdgmusicministry.com\\\/wp-content\\\/uploads\\\/2019\\\/07\\\/Soli-Deo-Gloria-Gold.png\",\"contentUrl\":\"https:\\\/\\\/sdgmusicministry.com\\\/wp-content\\\/uploads\\\/2019\\\/07\\\/Soli-Deo-Gloria-Gold.png\",\"width\":1920,\"height\":569,\"caption\":\"SDG Music Ministry\"},\"image\":{\"@id\":\"https:\\\/\\\/sdgmusicministry.com\\\/#\\\/schema\\\/logo\\\/image\\\/\"},\"sameAs\":[\"https:\\\/\\\/www.facebook.com\\\/SDGmusicministry-845028329214039\\\/?modal=admin_todo_tour\"]}]}<\/script>\n<!-- \/ Yoast SEO plugin. -->","yoast_head_json":{"title":"Seminarios y tem\u00e1ticas online gratuitos - SDG Music Ministry","robots":{"index":"index","follow":"follow","max-snippet":"max-snippet:-1","max-image-preview":"max-image-preview:large","max-video-preview":"max-video-preview:-1"},"canonical":"https:\/\/sdgmusicministry.com\/en\/seminarios-y-tematicas-online-gratuitos\/","og_locale":"en_US","og_type":"article","og_title":"Seminarios y tem\u00e1ticas online gratuitos - SDG Music Ministry","og_description":"Aqu\u00ed encontrar\u00e1s todos nuestros seminarios, temas, grabaciones y todo el material que proporcionamos gratuitamente. Si est\u00e1s interesado en recibir informaci\u00f3n de nuestras actividades y seminarios inscr\u00edbete en nuestra p\u00e1gina de Facebook o a nuestro canal de YouTube. Si necesitas contactar [&hellip;]","og_url":"https:\/\/sdgmusicministry.com\/en\/seminarios-y-tematicas-online-gratuitos\/","og_site_name":"SDG Music Ministry","article_publisher":"https:\/\/www.facebook.com\/SDGmusicministry-845028329214039\/?modal=admin_todo_tour","article_modified_time":"2021-12-01T20:44:07+00:00","twitter_card":"summary_large_image","twitter_misc":{"Est. reading time":"1 minute"},"schema":{"@context":"https:\/\/schema.org","@graph":[{"@type":"WebPage","@id":"https:\/\/sdgmusicministry.com\/seminarios-y-tematicas-online-gratuitos\/","url":"https:\/\/sdgmusicministry.com\/seminarios-y-tematicas-online-gratuitos\/","name":"Seminarios y tem\u00e1ticas online gratuitos - SDG Music Ministry","isPartOf":{"@id":"https:\/\/sdgmusicministry.com\/#website"},"datePublished":"2020-10-05T11:02:44+00:00","dateModified":"2021-12-01T20:44:07+00:00","breadcrumb":{"@id":"https:\/\/sdgmusicministry.com\/seminarios-y-tematicas-online-gratuitos\/#breadcrumb"},"inLanguage":"en-US","potentialAction":[{"@type":"ReadAction","target":["https:\/\/sdgmusicministry.com\/seminarios-y-tematicas-online-gratuitos\/"]}]},{"@type":"BreadcrumbList","@id":"https:\/\/sdgmusicministry.com\/seminarios-y-tematicas-online-gratuitos\/#breadcrumb","itemListElement":[{"@type":"ListItem","position":1,"name":"Portada","item":"https:\/\/sdgmusicministry.com\/"},{"@type":"ListItem","position":2,"name":"Seminarios y tem\u00e1ticas online gratuitos"}]},{"@type":"WebSite","@id":"https:\/\/sdgmusicministry.com\/#website","url":"https:\/\/sdgmusicministry.com\/","name":"SDG Music Ministry","description":"Soli Deo Gloria - Christian Musicians Ministry","publisher":{"@id":"https:\/\/sdgmusicministry.com\/#organization"},"potentialAction":[{"@type":"SearchAction","target":{"@type":"EntryPoint","urlTemplate":"https:\/\/sdgmusicministry.com\/?s={search_term_string}"},"query-input":{"@type":"PropertyValueSpecification","valueRequired":true,"valueName":"search_term_string"}}],"inLanguage":"en-US"},{"@type":"Organization","@id":"https:\/\/sdgmusicministry.com\/#organization","name":"SDG Music Ministry","url":"https:\/\/sdgmusicministry.com\/","logo":{"@type":"ImageObject","inLanguage":"en-US","@id":"https:\/\/sdgmusicministry.com\/#\/schema\/logo\/image\/","url":"https:\/\/sdgmusicministry.com\/wp-content\/uploads\/2019\/07\/Soli-Deo-Gloria-Gold.png","contentUrl":"https:\/\/sdgmusicministry.com\/wp-content\/uploads\/2019\/07\/Soli-Deo-Gloria-Gold.png","width":1920,"height":569,"caption":"SDG Music Ministry"},"image":{"@id":"https:\/\/sdgmusicministry.com\/#\/schema\/logo\/image\/"},"sameAs":["https:\/\/www.facebook.com\/SDGmusicministry-845028329214039\/?modal=admin_todo_tour"]}]}},"_links":{"self":[{"href":"https:\/\/sdgmusicministry.com\/en\/wp-json\/wp\/v2\/pages\/327","targetHints":{"allow":["GET"]}}],"collection":[{"href":"https:\/\/sdgmusicministry.com\/en\/wp-json\/wp\/v2\/pages"}],"about":[{"href":"https:\/\/sdgmusicministry.com\/en\/wp-json\/wp\/v2\/types\/page"}],"author":[{"embeddable":true,"href":"https:\/\/sdgmusicministry.com\/en\/wp-json\/wp\/v2\/users\/1"}],"replies":[{"embeddable":true,"href":"https:\/\/sdgmusicministry.com\/en\/wp-json\/wp\/v2\/comments?post=327"}],"version-history":[{"count":47,"href":"https:\/\/sdgmusicministry.com\/en\/wp-json\/wp\/v2\/pages\/327\/revisions"}],"predecessor-version":[{"id":18580,"href":"https:\/\/sdgmusicministry.com\/en\/wp-json\/wp\/v2\/pages\/327\/revisions\/18580"}],"wp:attachment":[{"href":"https:\/\/sdgmusicministry.com\/en\/wp-json\/wp\/v2\/media?parent=327"}],"curies":[{"name":"wp","href":"https:\/\/api.w.org\/{rel}","templated":true}]}}