{"id":3,"date":"2019-07-10T09:06:34","date_gmt":"2019-07-10T09:06:34","guid":{"rendered":"https:\/\/sdgmusicministry.com\/?page_id=3"},"modified":"2019-07-15T15:53:25","modified_gmt":"2019-07-15T15:53:25","slug":"privacy-policy","status":"publish","type":"page","link":"https:\/\/sdgmusicministry.com\/en\/privacy-policy\/","title":{"rendered":"Privacy Policy"},"content":{"rendered":"<div data-elementor-type=\"wp-post\" data-elementor-id=\"3\" class=\"elementor elementor-3\">\n\t\t\t\t\t\t<section class=\"elementor-section elementor-top-section elementor-element elementor-element-3a88bc6c elementor-section-boxed elementor-section-height-default elementor-section-height-default\" data-id=\"3a88bc6c\" data-element_type=\"section\" data-e-type=\"section\">\n\t\t\t\t\t\t<div class=\"elementor-container elementor-column-gap-default\">\n\t\t\t\t\t<div class=\"elementor-column elementor-col-100 elementor-top-column elementor-element elementor-element-68e115cd\" data-id=\"68e115cd\" data-element_type=\"column\" data-e-type=\"column\">\n\t\t\t<div class=\"elementor-widget-wrap elementor-element-populated\">\n\t\t\t\t\t\t<div class=\"elementor-element elementor-element-354dbab7 elementor-widget elementor-widget-text-editor\" data-id=\"354dbab7\" data-element_type=\"widget\" data-e-type=\"widget\" data-widget_type=\"text-editor.default\">\n\t\t\t\t<div class=\"elementor-widget-container\">\n\t\t\t\t\t\t\t\t\t<p><\/p>\n<p>Our website https:\/\/sdgmusicministry.com is a private initiative of a group of people where we only intend to give voice to our ideas and inform about our activities.<\/p>\n<p><\/p>\n<p><\/p>\n<p>We do not move economic reasons of any kind or make money with this initiative.<\/p>\n<p><\/p>\n<p><\/p>\n<p>The data that voluntarily any visitor of our web send us through our contact form or that we receive in our email will not share them with anybody nor we will save them unless the person authorizes us to keep him abreast of our activities or to answer the consultations received.<\/p>\n<p><\/p>\n<p><\/p>\n<p>We will not contact or send any information to us if we are previously requested. At any time you can unsubscribe from our newsletters if you no longer want to receive any further notification.<\/p>\n<p><\/p>\n<p><\/p>\n<p>For any question, clarification about us you can get in touch by filling out our form: contact form <a href=\"https:\/\/sdgmusicministry.com\/en\/contacto\/\">formulario de contacto<\/a><\/p>\n<p>Or write to our email:<br \/><img decoding=\"async\" class=\"alignleft wp-image-155\" src=\"https:\/\/sdgmusicministry.com\/wp-content\/uploads\/2019\/07\/email.jpg\" alt=\"&#115;&#x64;g&#x40;&#x73;&#100;&#x67;m&#117;&#x73;&#105;&#x63;m&#105;&#x6e;i&#x73;t&#114;&#x79;&#46;&#x63;&#x6f;&#109;\" width=\"214\" height=\"29\" srcset=\"https:\/\/sdgmusicministry.com\/wp-content\/uploads\/2019\/07\/email.jpg 499w, https:\/\/sdgmusicministry.com\/wp-content\/uploads\/2019\/07\/email-300x41.jpg 300w, https:\/\/sdgmusicministry.com\/wp-content\/uploads\/2019\/07\/email-360x50.jpg 360w, https:\/\/sdgmusicministry.com\/wp-content\/uploads\/2019\/07\/email-250x35.jpg 250w, https:\/\/sdgmusicministry.com\/wp-content\/uploads\/2019\/07\/email-100x14.jpg 100w\" sizes=\"(max-width: 214px) 100vw, 214px\" \/><\/p>\n<p><\/p>\t\t\t\t\t\t\t\t<\/div>\n\t\t\t\t<\/div>\n\t\t\t\t\t<\/div>\n\t\t<\/div>\n\t\t\t\t\t<\/div>\n\t\t<\/section>\n\t\t\t\t<section class=\"elementor-section elementor-top-section elementor-element elementor-element-a6b1f32 elementor-section-boxed elementor-section-height-default elementor-section-height-default\" data-id=\"a6b1f32\" data-element_type=\"section\" data-e-type=\"section\">\n\t\t\t\t\t\t<div class=\"elementor-container elementor-column-gap-default\">\n\t\t\t\t\t<div class=\"elementor-column elementor-col-100 elementor-top-column elementor-element elementor-element-ef8a86d\" data-id=\"ef8a86d\" data-element_type=\"column\" data-e-type=\"column\">\n\t\t\t<div class=\"elementor-widget-wrap elementor-element-populated\">\n\t\t\t\t\t\t<div class=\"elementor-element elementor-element-da644d2 elementor-widget elementor-widget-accordion\" data-id=\"da644d2\" data-element_type=\"widget\" data-e-type=\"widget\" data-settings=\"{&quot;_animation&quot;:&quot;none&quot;}\" data-widget_type=\"accordion.default\">\n\t\t\t\t<div class=\"elementor-widget-container\">\n\t\t\t\t\t\t\t<div class=\"elementor-accordion\">\n\t\t\t\t\t\t\t<div class=\"elementor-accordion-item\">\n\t\t\t\t\t<div id=\"elementor-tab-title-2291\" class=\"elementor-tab-title\" data-tab=\"1\" role=\"button\" aria-controls=\"elementor-tab-content-2291\" aria-expanded=\"false\">\n\t\t\t\t\t\t\t\t\t\t\t\t\t<span class=\"elementor-accordion-icon elementor-accordion-icon-left\" aria-hidden=\"true\">\n\t\t\t\t\t\t\t\t\t\t\t\t\t\t\t<span class=\"elementor-accordion-icon-closed\"><i class=\"fas fa-plus\"><\/i><\/span>\n\t\t\t\t\t\t\t\t<span class=\"elementor-accordion-icon-opened\"><i class=\"fas fa-minus\"><\/i><\/span>\n\t\t\t\t\t\t\t\t\t\t\t\t\t\t<\/span>\n\t\t\t\t\t\t\t\t\t\t\t\t<a class=\"elementor-accordion-title\" tabindex=\"0\">Uso de datos y seguridad<\/a>\n\t\t\t\t\t<\/div>\n\t\t\t\t\t<div id=\"elementor-tab-content-2291\" class=\"elementor-tab-content elementor-clearfix\" data-tab=\"1\" role=\"region\" aria-labelledby=\"elementor-tab-title-2291\"><h3>Seguridad de la navegaci\u00f3n<\/h3>\n<p>Nuestra p\u00e1gina web https:\/\/sdgmusicministry.com est\u00e1 protegida y encriptada. El usuario puede comprobarlo mirando la direcci\u00f3n de la p\u00e1gina en la cual aparece un candado y el protocolo de navegaci\u00f3n <strong>https<\/strong>.<\/p><\/div>\n\t\t\t\t<\/div>\n\t\t\t\t\t\t\t<div class=\"elementor-accordion-item\">\n\t\t\t\t\t<div id=\"elementor-tab-title-2292\" class=\"elementor-tab-title\" data-tab=\"2\" role=\"button\" aria-controls=\"elementor-tab-content-2292\" aria-expanded=\"false\">\n\t\t\t\t\t\t\t\t\t\t\t\t\t<span class=\"elementor-accordion-icon elementor-accordion-icon-left\" aria-hidden=\"true\">\n\t\t\t\t\t\t\t\t\t\t\t\t\t\t\t<span class=\"elementor-accordion-icon-closed\"><i class=\"fas fa-plus\"><\/i><\/span>\n\t\t\t\t\t\t\t\t<span class=\"elementor-accordion-icon-opened\"><i class=\"fas fa-minus\"><\/i><\/span>\n\t\t\t\t\t\t\t\t\t\t\t\t\t\t<\/span>\n\t\t\t\t\t\t\t\t\t\t\t\t<a class=\"elementor-accordion-title\" tabindex=\"0\">Seguridad de sus datos<\/a>\n\t\t\t\t\t<\/div>\n\t\t\t\t\t<div id=\"elementor-tab-content-2292\" class=\"elementor-tab-content elementor-clearfix\" data-tab=\"2\" role=\"region\" aria-labelledby=\"elementor-tab-title-2292\"><p>The data that voluntarily any visitor of our web send us through our contact form or that we receive in our email will not share them with anybody nor we will save them unless the person authorizes us to keep him abreast of our activities or to answer the consultations received.<\/p>\n<p>We will not contact or send any information to us if we are previously requested. At any time you can unsubscribe from our newsletters if you no longer want to receive any further notification.<\/p>\n<p>For any question, clarification about us you can get in touch by filling out our form: contact form\u00a0<a href=\"https:\/\/sdgmusicministry.com\/en\/contacto\/\">formulario de contacto<\/a><\/p><\/div>\n\t\t\t\t<\/div>\n\t\t\t\t\t\t\t<div class=\"elementor-accordion-item\">\n\t\t\t\t\t<div id=\"elementor-tab-title-2293\" class=\"elementor-tab-title\" data-tab=\"3\" role=\"button\" aria-controls=\"elementor-tab-content-2293\" aria-expanded=\"false\">\n\t\t\t\t\t\t\t\t\t\t\t\t\t<span class=\"elementor-accordion-icon elementor-accordion-icon-left\" aria-hidden=\"true\">\n\t\t\t\t\t\t\t\t\t\t\t\t\t\t\t<span class=\"elementor-accordion-icon-closed\"><i class=\"fas fa-plus\"><\/i><\/span>\n\t\t\t\t\t\t\t\t<span class=\"elementor-accordion-icon-opened\"><i class=\"fas fa-minus\"><\/i><\/span>\n\t\t\t\t\t\t\t\t\t\t\t\t\t\t<\/span>\n\t\t\t\t\t\t\t\t\t\t\t\t<a class=\"elementor-accordion-title\" tabindex=\"0\">Cookies<\/a>\n\t\t\t\t\t<\/div>\n\t\t\t\t\t<div id=\"elementor-tab-content-2293\" class=\"elementor-tab-content elementor-clearfix\" data-tab=\"3\" role=\"region\" aria-labelledby=\"elementor-tab-title-2293\"><p class=\"gras\"><strong>\u00bfQu\u00e9 es una cookie?<\/strong><\/p>\n<p>Una cookie es un peque\u00f1o archivo de texto que se ubica en el ordenador, el m\u00f3vil o cualquier otro dispositivo del usuario para recopilar datos relativos a su navegaci\u00f3n en nuestra p\u00e1gina web y, de este modo, poder mejorarla.<\/p>\n<p>Las cookies son necesarias para facilitar la navegaci\u00f3n durante la compra online, y para hacerla m\u00e1s agradable. Gracias a las cookies, el usuario tiene acceso a funcionalidades personalizadas, y nosotros tenemos la posibilidad, por ejemplo, de identificar o de recordar sus preferencias durante la navegaci\u00f3n, o en sus visitas futuras.<\/p>\n<p>Adem\u00e1s, el an\u00e1lisis de las cookies tambi\u00e9n nos permite mejorar nuestra p\u00e1gina web, conocer la afluencia y la frecuencia de los visitantes, sobre todo para asegurarnos de que nuestra p\u00e1gina web funciona correcta y r\u00e1pidamente.<\/p>\n<p class=\"gras\"><strong>\u00bfSon peligrosas las cookies?<\/strong><\/p>\n<p>Las cookies no causan ning\u00fan da\u00f1o al ordenador del usuario y no transmiten virus inform\u00e1ticos. No pueden ejecutarse autom\u00e1ticamente. Adem\u00e1s, las cookies no recopilan ning\u00fan dato del ordenador ni de los archivos personales.<\/p>\n<p>Nuestras cookies no sirven para almacenar informaci\u00f3n de identificaci\u00f3n personal sensible como la direcci\u00f3n, la contrase\u00f1a, o los datos de la tarjeta bancaria del usuario.<\/p>\n<div class=\"cacher\">\n<p class=\"gras\"><strong>\u00bfC\u00f3mo desactivas las cookies?<\/strong><\/p>\n<p>Si as\u00ed lo desea, el usuario puede suprimir y\/o bloquear las cookies en su ordenador.<\/p>\n<p>Aunque cada navegador dispone de par\u00e1metros distintos, los ajustes de las cookies se configuran generalmente en el men\u00fa \u00abPreferencias\u00bb o \u00abHerramientas\u00bb del navegador, en la parte superior de la pantalla. Para mayor informaci\u00f3n sobre la configuraci\u00f3n de las cookies, puede consultar el men\u00fa \u00abAyuda\u00bb de su navegador.<\/p>\n<p class=\"gras\"><strong>Configurar el navegador<\/strong><\/p>\n<p>La configuraci\u00f3n podr\u00eda modificar las condiciones de acceso del usuario a nuestros servicios que requieren la utilizaci\u00f3n de cookies. Si su navegador est\u00e1 configurado para rechazar todas las cookies, el usuario no podr\u00e1, por ejemplo, realizar compras ni disfrutar de las funciones esenciales de nuestra p\u00e1gina web. La configuraci\u00f3n de cada navegador es distinta.<\/p>\n<ul class=\"square\">\n<li>En Internet Explorer\u2122 :\u00a0abrir el men\u00fa \u00abHerramientas\u00bb y seleccionar \u00abOpciones de internet\u00bb; hacer clic en la apartado \u00abConfidencialidad\u00bb y luego en el apartado \u00abAvanzado\u00bb, elegir el nivel deseado o consultar las explicaciones que encontrar\u00e1 en el enlace siguiente:\u00a0<a href=\"https:\/\/support.microsoft.com\/es-es\/help\/17442\/windows-internet-explorer-delete-manage-cookies\" target=\"_blank\" rel=\"noopener\">Haga clic aqu\u00ed<\/a><\/li>\n<li>En Firefox\u2122 :\u00a0abrir el men\u00fa \u00abHerramientas\u00bb y seleccionar \u00abOpciones\u00bb; hacer clic en el apartado \u00abVida privada\u00bb y elegir las opciones deseadas o seguir este enlace:\u00a0<a href=\"https:\/\/support.mozilla.org\/es\/kb\/habilitar-y-deshabilitar-cookies-sitios-web-rastrear-preferencias\">Haga clic aqu\u00ed<\/a><\/li>\n<li>En Chrome\u2122 :\u00a0abrir el men\u00fa de ajustes (icono de llave inglesa) y seleccionar \u00abOpciones\u00bb; hacer clic en \u00abOpciones avanzadas\u00bb y, en la secci\u00f3n \u00abConfidencialidad\u00bb, hacer clic en \u00abAjustes de contenido\u00bb y elegir las opciones deseadas o consultar las explicaciones que encontrar\u00e1 en el enlace siguiente:\u00a0<a href=\"https:\/\/support.google.com\/chrome\/answer\/95647?hl=es&amp;hlrm=en\" target=\"_blank\" rel=\"noopener\">Haga clic aqu\u00ed<\/a><\/li>\n<li>En Safari\u2122 :\u00a0elegir \u00abSafari &gt; Preferencias\u00bb, hacer clic en \u00abSeguridad\u00bb; En el apartado \u00abAceptar las cookies\u00bb, elegir las opciones deseadas o consultar las explicaciones que encontrar\u00e1 en el enlace siguiente:\u00a0<a href=\"https:\/\/support.apple.com\/es-es\/guide\/safari\/sfri11471\/mac\" target=\"_blank\" rel=\"noopener\">Haga clic aqu\u00ed<\/a><\/li>\n<\/ul>\n<\/div>\n<div class=\"cacher\">\n<p class=\"gras\"><strong>\u2022 Cookies de navegaci\u00f3n:<\/strong><\/p>\n<p>Depositamos en el ordenador del usuario las cookies \u00abestrictamente necesarias\u00bb para el funcionamiento correcto de nuestra p\u00e1gina web y de sus funcionalidades.<\/p>\n<p>\u00a0<\/p>\n<\/div><\/div>\n\t\t\t\t<\/div>\n\t\t\t\t\t\t\t\t<\/div>\n\t\t\t\t\t\t<\/div>\n\t\t\t\t<\/div>\n\t\t\t\t\t<\/div>\n\t\t<\/div>\n\t\t\t\t\t<\/div>\n\t\t<\/section>\n\t\t\t\t<\/div>","protected":false},"excerpt":{"rendered":"<p>Nuestra p\u00e1gina web https:\/\/sdgmusicministry.com es una iniciativa privada de un grupo de personas donde s\u00f3lo pretendemos dar voz a nuestras ideas e informar de nuestras actividades. No nos mueven razones econ\u00f3micas de ning\u00fan tipo ni ganamos dinero con esta iniciativa. [&hellip;]<\/p>\n","protected":false},"author":1,"featured_media":0,"parent":0,"menu_order":0,"comment_status":"closed","ping_status":"open","template":"","meta":{"inline_featured_image":false,"footnotes":""},"class_list":["post-3","page","type-page","status-publish","hentry","clearfix"],"yoast_head":"<!-- This site is optimized with the Yoast SEO plugin v27.3 - https:\/\/yoast.com\/product\/yoast-seo-wordpress\/ -->\n<title>Pol\u00edtica de privacidad - SDG Music Ministry<\/title>\n<meta name=\"robots\" content=\"index, follow, max-snippet:-1, max-image-preview:large, max-video-preview:-1\" \/>\n<link rel=\"canonical\" href=\"https:\/\/sdgmusicministry.com\/en\/privacy-policy\/\" \/>\n<meta property=\"og:locale\" content=\"en_US\" \/>\n<meta property=\"og:type\" content=\"article\" \/>\n<meta property=\"og:title\" content=\"Pol\u00edtica de privacidad - SDG Music Ministry\" \/>\n<meta property=\"og:description\" content=\"Nuestra p\u00e1gina web https:\/\/sdgmusicministry.com es una iniciativa privada de un grupo de personas donde s\u00f3lo pretendemos dar voz a nuestras ideas e informar de nuestras actividades. No nos mueven razones econ\u00f3micas de ning\u00fan tipo ni ganamos dinero con esta iniciativa. [&hellip;]\" \/>\n<meta property=\"og:url\" content=\"https:\/\/sdgmusicministry.com\/en\/privacy-policy\/\" \/>\n<meta property=\"og:site_name\" content=\"SDG Music Ministry\" \/>\n<meta property=\"article:publisher\" content=\"https:\/\/www.facebook.com\/SDGmusicministry-845028329214039\/?modal=admin_todo_tour\" \/>\n<meta property=\"article:modified_time\" content=\"2019-07-15T15:53:25+00:00\" \/>\n<meta property=\"og:image\" content=\"https:\/\/sdgmusicministry.com\/wp-content\/uploads\/2019\/07\/email.jpg\" \/>\n<meta name=\"twitter:card\" content=\"summary_large_image\" \/>\n<meta name=\"twitter:label1\" content=\"Est. reading time\" \/>\n\t<meta name=\"twitter:data1\" content=\"4 minutes\" \/>\n<script type=\"application\/ld+json\" class=\"yoast-schema-graph\">{\"@context\":\"https:\\\/\\\/schema.org\",\"@graph\":[{\"@type\":\"WebPage\",\"@id\":\"https:\\\/\\\/sdgmusicministry.com\\\/privacy-policy\\\/\",\"url\":\"https:\\\/\\\/sdgmusicministry.com\\\/privacy-policy\\\/\",\"name\":\"Pol\u00edtica de privacidad - SDG Music Ministry\",\"isPartOf\":{\"@id\":\"https:\\\/\\\/sdgmusicministry.com\\\/#website\"},\"primaryImageOfPage\":{\"@id\":\"https:\\\/\\\/sdgmusicministry.com\\\/privacy-policy\\\/#primaryimage\"},\"image\":{\"@id\":\"https:\\\/\\\/sdgmusicministry.com\\\/privacy-policy\\\/#primaryimage\"},\"thumbnailUrl\":\"https:\\\/\\\/sdgmusicministry.com\\\/wp-content\\\/uploads\\\/2019\\\/07\\\/email.jpg\",\"datePublished\":\"2019-07-10T09:06:34+00:00\",\"dateModified\":\"2019-07-15T15:53:25+00:00\",\"breadcrumb\":{\"@id\":\"https:\\\/\\\/sdgmusicministry.com\\\/privacy-policy\\\/#breadcrumb\"},\"inLanguage\":\"en-US\",\"potentialAction\":[{\"@type\":\"ReadAction\",\"target\":[\"https:\\\/\\\/sdgmusicministry.com\\\/privacy-policy\\\/\"]}]},{\"@type\":\"ImageObject\",\"inLanguage\":\"en-US\",\"@id\":\"https:\\\/\\\/sdgmusicministry.com\\\/privacy-policy\\\/#primaryimage\",\"url\":\"https:\\\/\\\/sdgmusicministry.com\\\/wp-content\\\/uploads\\\/2019\\\/07\\\/email.jpg\",\"contentUrl\":\"https:\\\/\\\/sdgmusicministry.com\\\/wp-content\\\/uploads\\\/2019\\\/07\\\/email.jpg\"},{\"@type\":\"BreadcrumbList\",\"@id\":\"https:\\\/\\\/sdgmusicministry.com\\\/privacy-policy\\\/#breadcrumb\",\"itemListElement\":[{\"@type\":\"ListItem\",\"position\":1,\"name\":\"Portada\",\"item\":\"https:\\\/\\\/sdgmusicministry.com\\\/\"},{\"@type\":\"ListItem\",\"position\":2,\"name\":\"Pol\u00edtica de privacidad\"}]},{\"@type\":\"WebSite\",\"@id\":\"https:\\\/\\\/sdgmusicministry.com\\\/#website\",\"url\":\"https:\\\/\\\/sdgmusicministry.com\\\/\",\"name\":\"SDG Music Ministry\",\"description\":\"Soli Deo Gloria - Christian Musicians Ministry\",\"publisher\":{\"@id\":\"https:\\\/\\\/sdgmusicministry.com\\\/#organization\"},\"potentialAction\":[{\"@type\":\"SearchAction\",\"target\":{\"@type\":\"EntryPoint\",\"urlTemplate\":\"https:\\\/\\\/sdgmusicministry.com\\\/?s={search_term_string}\"},\"query-input\":{\"@type\":\"PropertyValueSpecification\",\"valueRequired\":true,\"valueName\":\"search_term_string\"}}],\"inLanguage\":\"en-US\"},{\"@type\":\"Organization\",\"@id\":\"https:\\\/\\\/sdgmusicministry.com\\\/#organization\",\"name\":\"SDG Music Ministry\",\"url\":\"https:\\\/\\\/sdgmusicministry.com\\\/\",\"logo\":{\"@type\":\"ImageObject\",\"inLanguage\":\"en-US\",\"@id\":\"https:\\\/\\\/sdgmusicministry.com\\\/#\\\/schema\\\/logo\\\/image\\\/\",\"url\":\"https:\\\/\\\/sdgmusicministry.com\\\/wp-content\\\/uploads\\\/2019\\\/07\\\/Soli-Deo-Gloria-Gold.png\",\"contentUrl\":\"https:\\\/\\\/sdgmusicministry.com\\\/wp-content\\\/uploads\\\/2019\\\/07\\\/Soli-Deo-Gloria-Gold.png\",\"width\":1920,\"height\":569,\"caption\":\"SDG Music Ministry\"},\"image\":{\"@id\":\"https:\\\/\\\/sdgmusicministry.com\\\/#\\\/schema\\\/logo\\\/image\\\/\"},\"sameAs\":[\"https:\\\/\\\/www.facebook.com\\\/SDGmusicministry-845028329214039\\\/?modal=admin_todo_tour\"]}]}<\/script>\n<!-- \/ Yoast SEO plugin. -->","yoast_head_json":{"title":"Pol\u00edtica de privacidad - SDG Music Ministry","robots":{"index":"index","follow":"follow","max-snippet":"max-snippet:-1","max-image-preview":"max-image-preview:large","max-video-preview":"max-video-preview:-1"},"canonical":"https:\/\/sdgmusicministry.com\/en\/privacy-policy\/","og_locale":"en_US","og_type":"article","og_title":"Pol\u00edtica de privacidad - SDG Music Ministry","og_description":"Nuestra p\u00e1gina web https:\/\/sdgmusicministry.com es una iniciativa privada de un grupo de personas donde s\u00f3lo pretendemos dar voz a nuestras ideas e informar de nuestras actividades. No nos mueven razones econ\u00f3micas de ning\u00fan tipo ni ganamos dinero con esta iniciativa. [&hellip;]","og_url":"https:\/\/sdgmusicministry.com\/en\/privacy-policy\/","og_site_name":"SDG Music Ministry","article_publisher":"https:\/\/www.facebook.com\/SDGmusicministry-845028329214039\/?modal=admin_todo_tour","article_modified_time":"2019-07-15T15:53:25+00:00","og_image":[{"url":"https:\/\/sdgmusicministry.com\/wp-content\/uploads\/2019\/07\/email.jpg","type":"","width":"","height":""}],"twitter_card":"summary_large_image","twitter_misc":{"Est. reading time":"4 minutes"},"schema":{"@context":"https:\/\/schema.org","@graph":[{"@type":"WebPage","@id":"https:\/\/sdgmusicministry.com\/privacy-policy\/","url":"https:\/\/sdgmusicministry.com\/privacy-policy\/","name":"Pol\u00edtica de privacidad - SDG Music Ministry","isPartOf":{"@id":"https:\/\/sdgmusicministry.com\/#website"},"primaryImageOfPage":{"@id":"https:\/\/sdgmusicministry.com\/privacy-policy\/#primaryimage"},"image":{"@id":"https:\/\/sdgmusicministry.com\/privacy-policy\/#primaryimage"},"thumbnailUrl":"https:\/\/sdgmusicministry.com\/wp-content\/uploads\/2019\/07\/email.jpg","datePublished":"2019-07-10T09:06:34+00:00","dateModified":"2019-07-15T15:53:25+00:00","breadcrumb":{"@id":"https:\/\/sdgmusicministry.com\/privacy-policy\/#breadcrumb"},"inLanguage":"en-US","potentialAction":[{"@type":"ReadAction","target":["https:\/\/sdgmusicministry.com\/privacy-policy\/"]}]},{"@type":"ImageObject","inLanguage":"en-US","@id":"https:\/\/sdgmusicministry.com\/privacy-policy\/#primaryimage","url":"https:\/\/sdgmusicministry.com\/wp-content\/uploads\/2019\/07\/email.jpg","contentUrl":"https:\/\/sdgmusicministry.com\/wp-content\/uploads\/2019\/07\/email.jpg"},{"@type":"BreadcrumbList","@id":"https:\/\/sdgmusicministry.com\/privacy-policy\/#breadcrumb","itemListElement":[{"@type":"ListItem","position":1,"name":"Portada","item":"https:\/\/sdgmusicministry.com\/"},{"@type":"ListItem","position":2,"name":"Pol\u00edtica de privacidad"}]},{"@type":"WebSite","@id":"https:\/\/sdgmusicministry.com\/#website","url":"https:\/\/sdgmusicministry.com\/","name":"SDG Music Ministry","description":"Soli Deo Gloria - Christian Musicians Ministry","publisher":{"@id":"https:\/\/sdgmusicministry.com\/#organization"},"potentialAction":[{"@type":"SearchAction","target":{"@type":"EntryPoint","urlTemplate":"https:\/\/sdgmusicministry.com\/?s={search_term_string}"},"query-input":{"@type":"PropertyValueSpecification","valueRequired":true,"valueName":"search_term_string"}}],"inLanguage":"en-US"},{"@type":"Organization","@id":"https:\/\/sdgmusicministry.com\/#organization","name":"SDG Music Ministry","url":"https:\/\/sdgmusicministry.com\/","logo":{"@type":"ImageObject","inLanguage":"en-US","@id":"https:\/\/sdgmusicministry.com\/#\/schema\/logo\/image\/","url":"https:\/\/sdgmusicministry.com\/wp-content\/uploads\/2019\/07\/Soli-Deo-Gloria-Gold.png","contentUrl":"https:\/\/sdgmusicministry.com\/wp-content\/uploads\/2019\/07\/Soli-Deo-Gloria-Gold.png","width":1920,"height":569,"caption":"SDG Music Ministry"},"image":{"@id":"https:\/\/sdgmusicministry.com\/#\/schema\/logo\/image\/"},"sameAs":["https:\/\/www.facebook.com\/SDGmusicministry-845028329214039\/?modal=admin_todo_tour"]}]}},"_links":{"self":[{"href":"https:\/\/sdgmusicministry.com\/en\/wp-json\/wp\/v2\/pages\/3","targetHints":{"allow":["GET"]}}],"collection":[{"href":"https:\/\/sdgmusicministry.com\/en\/wp-json\/wp\/v2\/pages"}],"about":[{"href":"https:\/\/sdgmusicministry.com\/en\/wp-json\/wp\/v2\/types\/page"}],"author":[{"embeddable":true,"href":"https:\/\/sdgmusicministry.com\/en\/wp-json\/wp\/v2\/users\/1"}],"replies":[{"embeddable":true,"href":"https:\/\/sdgmusicministry.com\/en\/wp-json\/wp\/v2\/comments?post=3"}],"version-history":[{"count":14,"href":"https:\/\/sdgmusicministry.com\/en\/wp-json\/wp\/v2\/pages\/3\/revisions"}],"predecessor-version":[{"id":158,"href":"https:\/\/sdgmusicministry.com\/en\/wp-json\/wp\/v2\/pages\/3\/revisions\/158"}],"wp:attachment":[{"href":"https:\/\/sdgmusicministry.com\/en\/wp-json\/wp\/v2\/media?parent=3"}],"curies":[{"name":"wp","href":"https:\/\/api.w.org\/{rel}","templated":true}]}}