{"id":12,"date":"2019-07-10T09:22:52","date_gmt":"2019-07-10T09:22:52","guid":{"rendered":"https:\/\/sdgmusicministry.com\/?page_id=12"},"modified":"2019-07-10T20:14:08","modified_gmt":"2019-07-10T20:14:08","slug":"espiritu-sdg","status":"publish","type":"page","link":"https:\/\/sdgmusicministry.com\/en\/espiritu-sdg\/","title":{"rendered":"SDG Spirit"},"content":{"rendered":"<p style=\"font-size: 20px;\">Los diez prop\u00f3sitos que caracterizan este ministerio:<\/p>\n\n\n<ol class=\"wp-block-list\"><li>Dios es prioridad en la mente, en los pensamientos y el coraz\u00f3n de sus hijos. La adoraci\u00f3n a nuestro Dios.<\/li><li>Guiar a la sociedad al conocimiento de Jes\u00fas mediante la m\u00fasica.<\/li><li>Dios merece el esfuerzo de sus hijos por brindarle lo mejor. Esto requiere entrega y preparaci\u00f3n.<\/li><li>La m\u00fasica produce una especial influencia en la mente y en la vida del cristiano. Es necesario hacer una selecci\u00f3n cuidadosa de las obras que se abordan. La referencia espiritual para la programaci\u00f3n se basa en Filipenses 4:8: \u00abPor lo dem\u00e1s, hermanos, todo lo que es verdadero, todo lo honesto, todo lo justo, todo lo puro, todo lo amable, todo lo que es de buen nombre; si hay virtud alguna, si algo digno de alabanza, en esto pensad.\u00bb<\/li><li>La visi\u00f3n de Isa\u00edas 57:15 sobre un Dios alto y sublime, pero que a la vez se acerca al necesitado, son perspectivas b\u00e1sicas de este proyecto. La sencillez, la humildad y la cercan\u00eda, se combinan con el respeto, la reverencia y el sentido de lo sagrado.<\/li><li>La m\u00fasica requiere una preparaci\u00f3n consciente:&nbsp;&nbsp;<br>a)&nbsp;<em>Compromiso:<\/em>&nbsp;porque es necesaria una pr\u00e1ctica individual sistem\u00e1tica, as\u00ed como una asistencia regular a los ensayos.&nbsp;<br>b)&nbsp;<em>Dedicaci\u00f3n<\/em><strong>:<\/strong>&nbsp;porque la ejercitaci\u00f3n musical exige tiempo y esfuerzo.<\/li><li>Para el cristiano la sinceridad, modestia, honestidad y una entrega genuina a Dios alejan el orgullo o deseo de ensalzamiento propio.<\/li><li>La m\u00fasica es tambi\u00e9n una forma de oraci\u00f3n. Al igual que en el lenguaje, se evitan expresiones vulgares mediante el refinamiento para la alabanza y proclamaci\u00f3n del mensaje.<\/li><li>Se consideran criterios del Esp\u00edritu de Profec\u00eda para programar, actuar y evangelizar: \u00abNunca rebaj\u00e9is la verdad a fin de obtener conversos, sino procurad elevar [&#8230;] hacia la norma superior de la ley de Dios.\u00bb&nbsp;&nbsp;E.G.White -Manuscrito 7, 1900. {Ev 105.1}<\/li><li>Compromiso y apoyo a la Iglesia Adventista del S\u00e9ptimo D\u00eda, como la iglesia remanente de Dios, promoviendo sus principios, mensaje, organizaci\u00f3n y liderazgo.<\/li><\/ol>\n","protected":false},"excerpt":{"rendered":"<p>Los diez prop\u00f3sitos que caracterizan este ministerio: Dios es prioridad en la mente, en los pensamientos y el coraz\u00f3n de sus hijos. La adoraci\u00f3n a nuestro Dios. Guiar a la sociedad al conocimiento de Jes\u00fas mediante la m\u00fasica. Dios merece [&hellip;]<\/p>\n","protected":false},"author":1,"featured_media":0,"parent":0,"menu_order":0,"comment_status":"closed","ping_status":"closed","template":"","meta":{"inline_featured_image":false,"footnotes":""},"class_list":["post-12","page","type-page","status-publish","hentry","clearfix"],"yoast_head":"<!-- This site is optimized with the Yoast SEO plugin v27.3 - https:\/\/yoast.com\/product\/yoast-seo-wordpress\/ -->\n<title>Esp\u00edritu SDG - SDG Music Ministry<\/title>\n<meta name=\"robots\" content=\"index, follow, max-snippet:-1, max-image-preview:large, max-video-preview:-1\" \/>\n<link rel=\"canonical\" href=\"https:\/\/sdgmusicministry.com\/en\/espiritu-sdg\/\" \/>\n<meta property=\"og:locale\" content=\"en_US\" \/>\n<meta property=\"og:type\" content=\"article\" \/>\n<meta property=\"og:title\" content=\"Esp\u00edritu SDG - SDG Music Ministry\" \/>\n<meta property=\"og:description\" content=\"Los diez prop\u00f3sitos que caracterizan este ministerio: Dios es prioridad en la mente, en los pensamientos y el coraz\u00f3n de sus hijos. La adoraci\u00f3n a nuestro Dios. Guiar a la sociedad al conocimiento de Jes\u00fas mediante la m\u00fasica. Dios merece [&hellip;]\" \/>\n<meta property=\"og:url\" content=\"https:\/\/sdgmusicministry.com\/en\/espiritu-sdg\/\" \/>\n<meta property=\"og:site_name\" content=\"SDG Music Ministry\" \/>\n<meta property=\"article:publisher\" content=\"https:\/\/www.facebook.com\/SDGmusicministry-845028329214039\/?modal=admin_todo_tour\" \/>\n<meta property=\"article:modified_time\" content=\"2019-07-10T20:14:08+00:00\" \/>\n<meta name=\"twitter:card\" content=\"summary_large_image\" \/>\n<meta name=\"twitter:label1\" content=\"Est. reading time\" \/>\n\t<meta name=\"twitter:data1\" content=\"2 minutes\" \/>\n<script type=\"application\/ld+json\" class=\"yoast-schema-graph\">{\"@context\":\"https:\\\/\\\/schema.org\",\"@graph\":[{\"@type\":\"WebPage\",\"@id\":\"https:\\\/\\\/sdgmusicministry.com\\\/espiritu-sdg\\\/\",\"url\":\"https:\\\/\\\/sdgmusicministry.com\\\/espiritu-sdg\\\/\",\"name\":\"Esp\u00edritu SDG - SDG Music Ministry\",\"isPartOf\":{\"@id\":\"https:\\\/\\\/sdgmusicministry.com\\\/#website\"},\"datePublished\":\"2019-07-10T09:22:52+00:00\",\"dateModified\":\"2019-07-10T20:14:08+00:00\",\"breadcrumb\":{\"@id\":\"https:\\\/\\\/sdgmusicministry.com\\\/espiritu-sdg\\\/#breadcrumb\"},\"inLanguage\":\"en-US\",\"potentialAction\":[{\"@type\":\"ReadAction\",\"target\":[\"https:\\\/\\\/sdgmusicministry.com\\\/espiritu-sdg\\\/\"]}]},{\"@type\":\"BreadcrumbList\",\"@id\":\"https:\\\/\\\/sdgmusicministry.com\\\/espiritu-sdg\\\/#breadcrumb\",\"itemListElement\":[{\"@type\":\"ListItem\",\"position\":1,\"name\":\"Portada\",\"item\":\"https:\\\/\\\/sdgmusicministry.com\\\/\"},{\"@type\":\"ListItem\",\"position\":2,\"name\":\"Esp\u00edritu SDG\"}]},{\"@type\":\"WebSite\",\"@id\":\"https:\\\/\\\/sdgmusicministry.com\\\/#website\",\"url\":\"https:\\\/\\\/sdgmusicministry.com\\\/\",\"name\":\"SDG Music Ministry\",\"description\":\"Soli Deo Gloria - Christian Musicians Ministry\",\"publisher\":{\"@id\":\"https:\\\/\\\/sdgmusicministry.com\\\/#organization\"},\"potentialAction\":[{\"@type\":\"SearchAction\",\"target\":{\"@type\":\"EntryPoint\",\"urlTemplate\":\"https:\\\/\\\/sdgmusicministry.com\\\/?s={search_term_string}\"},\"query-input\":{\"@type\":\"PropertyValueSpecification\",\"valueRequired\":true,\"valueName\":\"search_term_string\"}}],\"inLanguage\":\"en-US\"},{\"@type\":\"Organization\",\"@id\":\"https:\\\/\\\/sdgmusicministry.com\\\/#organization\",\"name\":\"SDG Music Ministry\",\"url\":\"https:\\\/\\\/sdgmusicministry.com\\\/\",\"logo\":{\"@type\":\"ImageObject\",\"inLanguage\":\"en-US\",\"@id\":\"https:\\\/\\\/sdgmusicministry.com\\\/#\\\/schema\\\/logo\\\/image\\\/\",\"url\":\"https:\\\/\\\/sdgmusicministry.com\\\/wp-content\\\/uploads\\\/2019\\\/07\\\/Soli-Deo-Gloria-Gold.png\",\"contentUrl\":\"https:\\\/\\\/sdgmusicministry.com\\\/wp-content\\\/uploads\\\/2019\\\/07\\\/Soli-Deo-Gloria-Gold.png\",\"width\":1920,\"height\":569,\"caption\":\"SDG Music Ministry\"},\"image\":{\"@id\":\"https:\\\/\\\/sdgmusicministry.com\\\/#\\\/schema\\\/logo\\\/image\\\/\"},\"sameAs\":[\"https:\\\/\\\/www.facebook.com\\\/SDGmusicministry-845028329214039\\\/?modal=admin_todo_tour\"]}]}<\/script>\n<!-- \/ Yoast SEO plugin. -->","yoast_head_json":{"title":"Esp\u00edritu SDG - SDG Music Ministry","robots":{"index":"index","follow":"follow","max-snippet":"max-snippet:-1","max-image-preview":"max-image-preview:large","max-video-preview":"max-video-preview:-1"},"canonical":"https:\/\/sdgmusicministry.com\/en\/espiritu-sdg\/","og_locale":"en_US","og_type":"article","og_title":"Esp\u00edritu SDG - SDG Music Ministry","og_description":"Los diez prop\u00f3sitos que caracterizan este ministerio: Dios es prioridad en la mente, en los pensamientos y el coraz\u00f3n de sus hijos. La adoraci\u00f3n a nuestro Dios. Guiar a la sociedad al conocimiento de Jes\u00fas mediante la m\u00fasica. Dios merece [&hellip;]","og_url":"https:\/\/sdgmusicministry.com\/en\/espiritu-sdg\/","og_site_name":"SDG Music Ministry","article_publisher":"https:\/\/www.facebook.com\/SDGmusicministry-845028329214039\/?modal=admin_todo_tour","article_modified_time":"2019-07-10T20:14:08+00:00","twitter_card":"summary_large_image","twitter_misc":{"Est. reading time":"2 minutes"},"schema":{"@context":"https:\/\/schema.org","@graph":[{"@type":"WebPage","@id":"https:\/\/sdgmusicministry.com\/espiritu-sdg\/","url":"https:\/\/sdgmusicministry.com\/espiritu-sdg\/","name":"Esp\u00edritu SDG - SDG Music Ministry","isPartOf":{"@id":"https:\/\/sdgmusicministry.com\/#website"},"datePublished":"2019-07-10T09:22:52+00:00","dateModified":"2019-07-10T20:14:08+00:00","breadcrumb":{"@id":"https:\/\/sdgmusicministry.com\/espiritu-sdg\/#breadcrumb"},"inLanguage":"en-US","potentialAction":[{"@type":"ReadAction","target":["https:\/\/sdgmusicministry.com\/espiritu-sdg\/"]}]},{"@type":"BreadcrumbList","@id":"https:\/\/sdgmusicministry.com\/espiritu-sdg\/#breadcrumb","itemListElement":[{"@type":"ListItem","position":1,"name":"Portada","item":"https:\/\/sdgmusicministry.com\/"},{"@type":"ListItem","position":2,"name":"Esp\u00edritu SDG"}]},{"@type":"WebSite","@id":"https:\/\/sdgmusicministry.com\/#website","url":"https:\/\/sdgmusicministry.com\/","name":"SDG Music Ministry","description":"Soli Deo Gloria - Christian Musicians Ministry","publisher":{"@id":"https:\/\/sdgmusicministry.com\/#organization"},"potentialAction":[{"@type":"SearchAction","target":{"@type":"EntryPoint","urlTemplate":"https:\/\/sdgmusicministry.com\/?s={search_term_string}"},"query-input":{"@type":"PropertyValueSpecification","valueRequired":true,"valueName":"search_term_string"}}],"inLanguage":"en-US"},{"@type":"Organization","@id":"https:\/\/sdgmusicministry.com\/#organization","name":"SDG Music Ministry","url":"https:\/\/sdgmusicministry.com\/","logo":{"@type":"ImageObject","inLanguage":"en-US","@id":"https:\/\/sdgmusicministry.com\/#\/schema\/logo\/image\/","url":"https:\/\/sdgmusicministry.com\/wp-content\/uploads\/2019\/07\/Soli-Deo-Gloria-Gold.png","contentUrl":"https:\/\/sdgmusicministry.com\/wp-content\/uploads\/2019\/07\/Soli-Deo-Gloria-Gold.png","width":1920,"height":569,"caption":"SDG Music Ministry"},"image":{"@id":"https:\/\/sdgmusicministry.com\/#\/schema\/logo\/image\/"},"sameAs":["https:\/\/www.facebook.com\/SDGmusicministry-845028329214039\/?modal=admin_todo_tour"]}]}},"_links":{"self":[{"href":"https:\/\/sdgmusicministry.com\/en\/wp-json\/wp\/v2\/pages\/12","targetHints":{"allow":["GET"]}}],"collection":[{"href":"https:\/\/sdgmusicministry.com\/en\/wp-json\/wp\/v2\/pages"}],"about":[{"href":"https:\/\/sdgmusicministry.com\/en\/wp-json\/wp\/v2\/types\/page"}],"author":[{"embeddable":true,"href":"https:\/\/sdgmusicministry.com\/en\/wp-json\/wp\/v2\/users\/1"}],"replies":[{"embeddable":true,"href":"https:\/\/sdgmusicministry.com\/en\/wp-json\/wp\/v2\/comments?post=12"}],"version-history":[{"count":6,"href":"https:\/\/sdgmusicministry.com\/en\/wp-json\/wp\/v2\/pages\/12\/revisions"}],"predecessor-version":[{"id":131,"href":"https:\/\/sdgmusicministry.com\/en\/wp-json\/wp\/v2\/pages\/12\/revisions\/131"}],"wp:attachment":[{"href":"https:\/\/sdgmusicministry.com\/en\/wp-json\/wp\/v2\/media?parent=12"}],"curies":[{"name":"wp","href":"https:\/\/api.w.org\/{rel}","templated":true}]}}