{"id":113,"date":"2019-07-10T19:51:05","date_gmt":"2019-07-10T19:51:05","guid":{"rendered":"https:\/\/sdgmusicministry.com\/?page_id=113"},"modified":"2019-07-10T20:15:33","modified_gmt":"2019-07-10T20:15:33","slug":"objetivos","status":"publish","type":"page","link":"https:\/\/sdgmusicministry.com\/en\/objetivos\/","title":{"rendered":"Goals"},"content":{"rendered":"<div data-elementor-type=\"wp-post\" data-elementor-id=\"113\" class=\"elementor elementor-113\">\n\t\t\t\t\t\t<section class=\"elementor-section elementor-top-section elementor-element elementor-element-ad9c4c8 elementor-section-boxed elementor-section-height-default elementor-section-height-default\" data-id=\"ad9c4c8\" data-element_type=\"section\" data-e-type=\"section\">\n\t\t\t\t\t\t<div class=\"elementor-container elementor-column-gap-default\">\n\t\t\t\t\t<div class=\"elementor-column elementor-col-100 elementor-top-column elementor-element elementor-element-d29dd74\" data-id=\"d29dd74\" data-element_type=\"column\" data-e-type=\"column\">\n\t\t\t<div class=\"elementor-widget-wrap elementor-element-populated\">\n\t\t\t\t\t\t<div class=\"elementor-element elementor-element-3421329 elementor-widget elementor-widget-text-editor\" data-id=\"3421329\" data-element_type=\"widget\" data-e-type=\"widget\" data-widget_type=\"text-editor.default\">\n\t\t\t\t<div class=\"elementor-widget-container\">\n\t\t\t\t\t\t\t\t\t<p style=\"font-size:20px;\">Soli Deo Gloria. The name of the group reflects the greatest of our objectives. The glory only to God. God first. Praise only for God.<\/p>\t\t\t\t\t\t\t\t<\/div>\n\t\t\t\t<\/div>\n\t\t\t\t\t<\/div>\n\t\t<\/div>\n\t\t\t\t\t<\/div>\n\t\t<\/section>\n\t\t\t\t<section class=\"elementor-section elementor-top-section elementor-element elementor-element-b1e9176 elementor-section-boxed elementor-section-height-default elementor-section-height-default\" data-id=\"b1e9176\" data-element_type=\"section\" data-e-type=\"section\">\n\t\t\t\t\t\t<div class=\"elementor-container elementor-column-gap-default\">\n\t\t\t\t\t<div class=\"elementor-column elementor-col-33 elementor-top-column elementor-element elementor-element-e2feffc\" data-id=\"e2feffc\" data-element_type=\"column\" data-e-type=\"column\">\n\t\t\t<div class=\"elementor-widget-wrap elementor-element-populated\">\n\t\t\t\t\t\t<div class=\"elementor-element elementor-element-3a5598f elementor-position-top elementor-widget elementor-widget-image-box\" data-id=\"3a5598f\" data-element_type=\"widget\" data-e-type=\"widget\" data-widget_type=\"image-box.default\">\n\t\t\t\t<div class=\"elementor-widget-container\">\n\t\t\t\t\t<div class=\"elementor-image-box-wrapper\"><figure class=\"elementor-image-box-img\"><img fetchpriority=\"high\" decoding=\"async\" width=\"276\" height=\"282\" src=\"https:\/\/sdgmusicministry.com\/wp-content\/uploads\/2019\/07\/Captura-de-pantalla-2019-07-10-a-las-21.44.11.png\" class=\"elementor-animation-shrink attachment-full size-full wp-image-115\" alt=\"\" srcset=\"https:\/\/sdgmusicministry.com\/wp-content\/uploads\/2019\/07\/Captura-de-pantalla-2019-07-10-a-las-21.44.11.png 276w, https:\/\/sdgmusicministry.com\/wp-content\/uploads\/2019\/07\/Captura-de-pantalla-2019-07-10-a-las-21.44.11-250x255.png 250w, https:\/\/sdgmusicministry.com\/wp-content\/uploads\/2019\/07\/Captura-de-pantalla-2019-07-10-a-las-21.44.11-100x102.png 100w\" sizes=\"(max-width: 276px) 100vw, 276px\" \/><\/figure><div class=\"elementor-image-box-content\"><p class=\"elementor-image-box-description\">Create a group of music with specific sacred and secular classical repertoire, which can be a testimony of Jesus, through promoting Christian principles in the presentation and selection of music and focusing on the praise of God.<\/p><\/div><\/div>\t\t\t\t<\/div>\n\t\t\t\t<\/div>\n\t\t\t\t\t<\/div>\n\t\t<\/div>\n\t\t\t\t<div class=\"elementor-column elementor-col-33 elementor-top-column elementor-element elementor-element-f3c85ec\" data-id=\"f3c85ec\" data-element_type=\"column\" data-e-type=\"column\">\n\t\t\t<div class=\"elementor-widget-wrap elementor-element-populated\">\n\t\t\t\t\t\t<div class=\"elementor-element elementor-element-8f8225a elementor-position-top elementor-widget elementor-widget-image-box\" data-id=\"8f8225a\" data-element_type=\"widget\" data-e-type=\"widget\" data-widget_type=\"image-box.default\">\n\t\t\t\t<div class=\"elementor-widget-container\">\n\t\t\t\t\t<div class=\"elementor-image-box-wrapper\"><figure class=\"elementor-image-box-img\"><img decoding=\"async\" width=\"314\" height=\"300\" src=\"https:\/\/sdgmusicministry.com\/wp-content\/uploads\/2019\/07\/Captura-de-pantalla-2019-07-10-a-las-21.44.17.png\" class=\"elementor-animation-shrink attachment-full size-full wp-image-116\" alt=\"\" srcset=\"https:\/\/sdgmusicministry.com\/wp-content\/uploads\/2019\/07\/Captura-de-pantalla-2019-07-10-a-las-21.44.17.png 314w, https:\/\/sdgmusicministry.com\/wp-content\/uploads\/2019\/07\/Captura-de-pantalla-2019-07-10-a-las-21.44.17-300x287.png 300w, https:\/\/sdgmusicministry.com\/wp-content\/uploads\/2019\/07\/Captura-de-pantalla-2019-07-10-a-las-21.44.17-250x239.png 250w, https:\/\/sdgmusicministry.com\/wp-content\/uploads\/2019\/07\/Captura-de-pantalla-2019-07-10-a-las-21.44.17-100x96.png 100w\" sizes=\"(max-width: 314px) 100vw, 314px\" \/><\/figure><div class=\"elementor-image-box-content\"><p class=\"elementor-image-box-description\">Use the gift of music to bring the message of salvation to society, and to guide it towards the blessing and direction of God. <\/p><\/div><\/div>\t\t\t\t<\/div>\n\t\t\t\t<\/div>\n\t\t\t\t\t<\/div>\n\t\t<\/div>\n\t\t\t\t<div class=\"elementor-column elementor-col-33 elementor-top-column elementor-element elementor-element-f5701dc\" data-id=\"f5701dc\" data-element_type=\"column\" data-e-type=\"column\">\n\t\t\t<div class=\"elementor-widget-wrap elementor-element-populated\">\n\t\t\t\t\t\t<div class=\"elementor-element elementor-element-723a3c1 elementor-position-top elementor-widget elementor-widget-image-box\" data-id=\"723a3c1\" data-element_type=\"widget\" data-e-type=\"widget\" data-widget_type=\"image-box.default\">\n\t\t\t\t<div class=\"elementor-widget-container\">\n\t\t\t\t\t<div class=\"elementor-image-box-wrapper\"><figure class=\"elementor-image-box-img\"><img decoding=\"async\" width=\"300\" height=\"270\" src=\"https:\/\/sdgmusicministry.com\/wp-content\/uploads\/2019\/07\/Captura-de-pantalla-2019-07-10-a-las-21.44.26.png\" class=\"elementor-animation-shrink attachment-full size-full wp-image-117\" alt=\"\" srcset=\"https:\/\/sdgmusicministry.com\/wp-content\/uploads\/2019\/07\/Captura-de-pantalla-2019-07-10-a-las-21.44.26.png 300w, https:\/\/sdgmusicministry.com\/wp-content\/uploads\/2019\/07\/Captura-de-pantalla-2019-07-10-a-las-21.44.26-250x225.png 250w, https:\/\/sdgmusicministry.com\/wp-content\/uploads\/2019\/07\/Captura-de-pantalla-2019-07-10-a-las-21.44.26-100x90.png 100w\" sizes=\"(max-width: 300px) 100vw, 300px\" \/><\/figure><div class=\"elementor-image-box-content\"><p class=\"elementor-image-box-description\">Group the Adventist members dedicated to music to be involved in the use of their professional gifts in the service of praise and mission.<\/p><\/div><\/div>\t\t\t\t<\/div>\n\t\t\t\t<\/div>\n\t\t\t\t\t<\/div>\n\t\t<\/div>\n\t\t\t\t\t<\/div>\n\t\t<\/section>\n\t\t\t\t<section class=\"elementor-section elementor-top-section elementor-element elementor-element-455346b elementor-section-boxed elementor-section-height-default elementor-section-height-default\" data-id=\"455346b\" data-element_type=\"section\" data-e-type=\"section\">\n\t\t\t\t\t\t<div class=\"elementor-container elementor-column-gap-default\">\n\t\t\t\t\t<div class=\"elementor-column elementor-col-33 elementor-top-column elementor-element elementor-element-23dee74\" data-id=\"23dee74\" data-element_type=\"column\" data-e-type=\"column\">\n\t\t\t<div class=\"elementor-widget-wrap elementor-element-populated\">\n\t\t\t\t\t\t<div class=\"elementor-element elementor-element-fd41933 elementor-position-top elementor-widget elementor-widget-image-box\" data-id=\"fd41933\" data-element_type=\"widget\" data-e-type=\"widget\" data-widget_type=\"image-box.default\">\n\t\t\t\t<div class=\"elementor-widget-container\">\n\t\t\t\t\t<div class=\"elementor-image-box-wrapper\"><figure class=\"elementor-image-box-img\"><img loading=\"lazy\" decoding=\"async\" width=\"268\" height=\"242\" src=\"https:\/\/sdgmusicministry.com\/wp-content\/uploads\/2019\/07\/Captura-de-pantalla-2019-07-10-a-las-21.44.32.png\" class=\"elementor-animation-shrink attachment-full size-full wp-image-118\" alt=\"\" srcset=\"https:\/\/sdgmusicministry.com\/wp-content\/uploads\/2019\/07\/Captura-de-pantalla-2019-07-10-a-las-21.44.32.png 268w, https:\/\/sdgmusicministry.com\/wp-content\/uploads\/2019\/07\/Captura-de-pantalla-2019-07-10-a-las-21.44.32-250x226.png 250w, https:\/\/sdgmusicministry.com\/wp-content\/uploads\/2019\/07\/Captura-de-pantalla-2019-07-10-a-las-21.44.32-100x90.png 100w\" sizes=\"(max-width: 268px) 100vw, 268px\" \/><\/figure><div class=\"elementor-image-box-content\"><p class=\"elementor-image-box-description\">That all those good musicians willing to follow Jesus find a common place for their continuous development of the talent that God has given them.<\/p><\/div><\/div>\t\t\t\t<\/div>\n\t\t\t\t<\/div>\n\t\t\t\t\t<\/div>\n\t\t<\/div>\n\t\t\t\t<div class=\"elementor-column elementor-col-33 elementor-top-column elementor-element elementor-element-d10e061\" data-id=\"d10e061\" data-element_type=\"column\" data-e-type=\"column\">\n\t\t\t<div class=\"elementor-widget-wrap elementor-element-populated\">\n\t\t\t\t\t\t<div class=\"elementor-element elementor-element-fb4e51a elementor-position-top elementor-widget elementor-widget-image-box\" data-id=\"fb4e51a\" data-element_type=\"widget\" data-e-type=\"widget\" data-widget_type=\"image-box.default\">\n\t\t\t\t<div class=\"elementor-widget-container\">\n\t\t\t\t\t<div class=\"elementor-image-box-wrapper\"><figure class=\"elementor-image-box-img\"><img loading=\"lazy\" decoding=\"async\" width=\"326\" height=\"272\" src=\"https:\/\/sdgmusicministry.com\/wp-content\/uploads\/2019\/07\/Captura-de-pantalla-2019-07-10-a-las-21.44.37.png\" class=\"elementor-animation-shrink attachment-full size-full wp-image-119\" alt=\"\" srcset=\"https:\/\/sdgmusicministry.com\/wp-content\/uploads\/2019\/07\/Captura-de-pantalla-2019-07-10-a-las-21.44.37.png 326w, https:\/\/sdgmusicministry.com\/wp-content\/uploads\/2019\/07\/Captura-de-pantalla-2019-07-10-a-las-21.44.37-300x250.png 300w, https:\/\/sdgmusicministry.com\/wp-content\/uploads\/2019\/07\/Captura-de-pantalla-2019-07-10-a-las-21.44.37-250x209.png 250w, https:\/\/sdgmusicministry.com\/wp-content\/uploads\/2019\/07\/Captura-de-pantalla-2019-07-10-a-las-21.44.37-100x83.png 100w\" sizes=\"(max-width: 326px) 100vw, 326px\" \/><\/figure><div class=\"elementor-image-box-content\"><p class=\"elementor-image-box-description\">Encourage the study of music to promote future Adventist musicians to have a solid preparation in the exercise of music to praise God.<\/p><\/div><\/div>\t\t\t\t<\/div>\n\t\t\t\t<\/div>\n\t\t\t\t\t<\/div>\n\t\t<\/div>\n\t\t\t\t<div class=\"elementor-column elementor-col-33 elementor-top-column elementor-element elementor-element-59db2ce\" data-id=\"59db2ce\" data-element_type=\"column\" data-e-type=\"column\">\n\t\t\t<div class=\"elementor-widget-wrap elementor-element-populated\">\n\t\t\t\t\t\t<div class=\"elementor-element elementor-element-b254b02 elementor-position-top elementor-widget elementor-widget-image-box\" data-id=\"b254b02\" data-element_type=\"widget\" data-e-type=\"widget\" data-widget_type=\"image-box.default\">\n\t\t\t\t<div class=\"elementor-widget-container\">\n\t\t\t\t\t<div class=\"elementor-image-box-wrapper\"><figure class=\"elementor-image-box-img\"><img loading=\"lazy\" decoding=\"async\" width=\"298\" height=\"252\" src=\"https:\/\/sdgmusicministry.com\/wp-content\/uploads\/2019\/07\/Captura-de-pantalla-2019-07-10-a-las-21.44.43.png\" class=\"elementor-animation-shrink attachment-full size-full wp-image-120\" alt=\"\" srcset=\"https:\/\/sdgmusicministry.com\/wp-content\/uploads\/2019\/07\/Captura-de-pantalla-2019-07-10-a-las-21.44.43.png 298w, https:\/\/sdgmusicministry.com\/wp-content\/uploads\/2019\/07\/Captura-de-pantalla-2019-07-10-a-las-21.44.43-250x211.png 250w, https:\/\/sdgmusicministry.com\/wp-content\/uploads\/2019\/07\/Captura-de-pantalla-2019-07-10-a-las-21.44.43-100x85.png 100w\" sizes=\"(max-width: 298px) 100vw, 298px\" \/><\/figure><div class=\"elementor-image-box-content\"><p class=\"elementor-image-box-description\">Provide a space where musicians, from children, youth and adults, can find an alternative to any other type of influence that could take them away from God.<\/p><\/div><\/div>\t\t\t\t<\/div>\n\t\t\t\t<\/div>\n\t\t\t\t\t<\/div>\n\t\t<\/div>\n\t\t\t\t\t<\/div>\n\t\t<\/section>\n\t\t\t\t<\/div>","protected":false},"excerpt":{"rendered":"<p>Soli Deo Gloria. El nombre de la agrupaci\u00f3n refleja el mayor de nuestros objetivos. La gloria solo a Dios. Primero Dios. La alabanza s\u00f3lo para Dios. Generar un grupo de m\u00fasica de repertorio espec\u00edfico sacro y secular cl\u00e1sico, que pueda [&hellip;]<\/p>\n","protected":false},"author":1,"featured_media":0,"parent":0,"menu_order":0,"comment_status":"closed","ping_status":"closed","template":"page-templates\/page_fullwidth.php","meta":{"inline_featured_image":false,"footnotes":""},"class_list":["post-113","page","type-page","status-publish","hentry","clearfix"],"yoast_head":"<!-- This site is optimized with the Yoast SEO plugin v27.3 - https:\/\/yoast.com\/product\/yoast-seo-wordpress\/ -->\n<title>Objetivos - SDG Music Ministry<\/title>\n<meta name=\"robots\" content=\"index, follow, max-snippet:-1, max-image-preview:large, max-video-preview:-1\" \/>\n<link rel=\"canonical\" href=\"https:\/\/sdgmusicministry.com\/en\/objetivos\/\" \/>\n<meta property=\"og:locale\" content=\"en_US\" \/>\n<meta property=\"og:type\" content=\"article\" \/>\n<meta property=\"og:title\" content=\"Objetivos - SDG Music Ministry\" \/>\n<meta property=\"og:description\" content=\"Soli Deo Gloria. El nombre de la agrupaci\u00f3n refleja el mayor de nuestros objetivos. La gloria solo a Dios. Primero Dios. La alabanza s\u00f3lo para Dios. Generar un grupo de m\u00fasica de repertorio espec\u00edfico sacro y secular cl\u00e1sico, que pueda [&hellip;]\" \/>\n<meta property=\"og:url\" content=\"https:\/\/sdgmusicministry.com\/en\/objetivos\/\" \/>\n<meta property=\"og:site_name\" content=\"SDG Music Ministry\" \/>\n<meta property=\"article:publisher\" content=\"https:\/\/www.facebook.com\/SDGmusicministry-845028329214039\/?modal=admin_todo_tour\" \/>\n<meta property=\"article:modified_time\" content=\"2019-07-10T20:15:33+00:00\" \/>\n<meta property=\"og:image\" content=\"https:\/\/sdgmusicministry.com\/wp-content\/uploads\/2019\/07\/Captura-de-pantalla-2019-07-10-a-las-21.44.11.png\" \/>\n<meta name=\"twitter:card\" content=\"summary_large_image\" \/>\n<meta name=\"twitter:label1\" content=\"Est. reading time\" \/>\n\t<meta name=\"twitter:data1\" content=\"1 minute\" \/>\n<script type=\"application\/ld+json\" class=\"yoast-schema-graph\">{\"@context\":\"https:\\\/\\\/schema.org\",\"@graph\":[{\"@type\":\"WebPage\",\"@id\":\"https:\\\/\\\/sdgmusicministry.com\\\/objetivos\\\/\",\"url\":\"https:\\\/\\\/sdgmusicministry.com\\\/objetivos\\\/\",\"name\":\"Objetivos - SDG Music Ministry\",\"isPartOf\":{\"@id\":\"https:\\\/\\\/sdgmusicministry.com\\\/#website\"},\"primaryImageOfPage\":{\"@id\":\"https:\\\/\\\/sdgmusicministry.com\\\/objetivos\\\/#primaryimage\"},\"image\":{\"@id\":\"https:\\\/\\\/sdgmusicministry.com\\\/objetivos\\\/#primaryimage\"},\"thumbnailUrl\":\"https:\\\/\\\/sdgmusicministry.com\\\/wp-content\\\/uploads\\\/2019\\\/07\\\/Captura-de-pantalla-2019-07-10-a-las-21.44.11.png\",\"datePublished\":\"2019-07-10T19:51:05+00:00\",\"dateModified\":\"2019-07-10T20:15:33+00:00\",\"breadcrumb\":{\"@id\":\"https:\\\/\\\/sdgmusicministry.com\\\/objetivos\\\/#breadcrumb\"},\"inLanguage\":\"en-US\",\"potentialAction\":[{\"@type\":\"ReadAction\",\"target\":[\"https:\\\/\\\/sdgmusicministry.com\\\/objetivos\\\/\"]}]},{\"@type\":\"ImageObject\",\"inLanguage\":\"en-US\",\"@id\":\"https:\\\/\\\/sdgmusicministry.com\\\/objetivos\\\/#primaryimage\",\"url\":\"https:\\\/\\\/sdgmusicministry.com\\\/wp-content\\\/uploads\\\/2019\\\/07\\\/Captura-de-pantalla-2019-07-10-a-las-21.44.11.png\",\"contentUrl\":\"https:\\\/\\\/sdgmusicministry.com\\\/wp-content\\\/uploads\\\/2019\\\/07\\\/Captura-de-pantalla-2019-07-10-a-las-21.44.11.png\"},{\"@type\":\"BreadcrumbList\",\"@id\":\"https:\\\/\\\/sdgmusicministry.com\\\/objetivos\\\/#breadcrumb\",\"itemListElement\":[{\"@type\":\"ListItem\",\"position\":1,\"name\":\"Portada\",\"item\":\"https:\\\/\\\/sdgmusicministry.com\\\/\"},{\"@type\":\"ListItem\",\"position\":2,\"name\":\"Objetivos\"}]},{\"@type\":\"WebSite\",\"@id\":\"https:\\\/\\\/sdgmusicministry.com\\\/#website\",\"url\":\"https:\\\/\\\/sdgmusicministry.com\\\/\",\"name\":\"SDG Music Ministry\",\"description\":\"Soli Deo Gloria - Christian Musicians Ministry\",\"publisher\":{\"@id\":\"https:\\\/\\\/sdgmusicministry.com\\\/#organization\"},\"potentialAction\":[{\"@type\":\"SearchAction\",\"target\":{\"@type\":\"EntryPoint\",\"urlTemplate\":\"https:\\\/\\\/sdgmusicministry.com\\\/?s={search_term_string}\"},\"query-input\":{\"@type\":\"PropertyValueSpecification\",\"valueRequired\":true,\"valueName\":\"search_term_string\"}}],\"inLanguage\":\"en-US\"},{\"@type\":\"Organization\",\"@id\":\"https:\\\/\\\/sdgmusicministry.com\\\/#organization\",\"name\":\"SDG Music Ministry\",\"url\":\"https:\\\/\\\/sdgmusicministry.com\\\/\",\"logo\":{\"@type\":\"ImageObject\",\"inLanguage\":\"en-US\",\"@id\":\"https:\\\/\\\/sdgmusicministry.com\\\/#\\\/schema\\\/logo\\\/image\\\/\",\"url\":\"https:\\\/\\\/sdgmusicministry.com\\\/wp-content\\\/uploads\\\/2019\\\/07\\\/Soli-Deo-Gloria-Gold.png\",\"contentUrl\":\"https:\\\/\\\/sdgmusicministry.com\\\/wp-content\\\/uploads\\\/2019\\\/07\\\/Soli-Deo-Gloria-Gold.png\",\"width\":1920,\"height\":569,\"caption\":\"SDG Music Ministry\"},\"image\":{\"@id\":\"https:\\\/\\\/sdgmusicministry.com\\\/#\\\/schema\\\/logo\\\/image\\\/\"},\"sameAs\":[\"https:\\\/\\\/www.facebook.com\\\/SDGmusicministry-845028329214039\\\/?modal=admin_todo_tour\"]}]}<\/script>\n<!-- \/ Yoast SEO plugin. -->","yoast_head_json":{"title":"Objetivos - SDG Music Ministry","robots":{"index":"index","follow":"follow","max-snippet":"max-snippet:-1","max-image-preview":"max-image-preview:large","max-video-preview":"max-video-preview:-1"},"canonical":"https:\/\/sdgmusicministry.com\/en\/objetivos\/","og_locale":"en_US","og_type":"article","og_title":"Objetivos - SDG Music Ministry","og_description":"Soli Deo Gloria. El nombre de la agrupaci\u00f3n refleja el mayor de nuestros objetivos. La gloria solo a Dios. Primero Dios. La alabanza s\u00f3lo para Dios. Generar un grupo de m\u00fasica de repertorio espec\u00edfico sacro y secular cl\u00e1sico, que pueda [&hellip;]","og_url":"https:\/\/sdgmusicministry.com\/en\/objetivos\/","og_site_name":"SDG Music Ministry","article_publisher":"https:\/\/www.facebook.com\/SDGmusicministry-845028329214039\/?modal=admin_todo_tour","article_modified_time":"2019-07-10T20:15:33+00:00","og_image":[{"url":"https:\/\/sdgmusicministry.com\/wp-content\/uploads\/2019\/07\/Captura-de-pantalla-2019-07-10-a-las-21.44.11.png","type":"","width":"","height":""}],"twitter_card":"summary_large_image","twitter_misc":{"Est. reading time":"1 minute"},"schema":{"@context":"https:\/\/schema.org","@graph":[{"@type":"WebPage","@id":"https:\/\/sdgmusicministry.com\/objetivos\/","url":"https:\/\/sdgmusicministry.com\/objetivos\/","name":"Objetivos - SDG Music Ministry","isPartOf":{"@id":"https:\/\/sdgmusicministry.com\/#website"},"primaryImageOfPage":{"@id":"https:\/\/sdgmusicministry.com\/objetivos\/#primaryimage"},"image":{"@id":"https:\/\/sdgmusicministry.com\/objetivos\/#primaryimage"},"thumbnailUrl":"https:\/\/sdgmusicministry.com\/wp-content\/uploads\/2019\/07\/Captura-de-pantalla-2019-07-10-a-las-21.44.11.png","datePublished":"2019-07-10T19:51:05+00:00","dateModified":"2019-07-10T20:15:33+00:00","breadcrumb":{"@id":"https:\/\/sdgmusicministry.com\/objetivos\/#breadcrumb"},"inLanguage":"en-US","potentialAction":[{"@type":"ReadAction","target":["https:\/\/sdgmusicministry.com\/objetivos\/"]}]},{"@type":"ImageObject","inLanguage":"en-US","@id":"https:\/\/sdgmusicministry.com\/objetivos\/#primaryimage","url":"https:\/\/sdgmusicministry.com\/wp-content\/uploads\/2019\/07\/Captura-de-pantalla-2019-07-10-a-las-21.44.11.png","contentUrl":"https:\/\/sdgmusicministry.com\/wp-content\/uploads\/2019\/07\/Captura-de-pantalla-2019-07-10-a-las-21.44.11.png"},{"@type":"BreadcrumbList","@id":"https:\/\/sdgmusicministry.com\/objetivos\/#breadcrumb","itemListElement":[{"@type":"ListItem","position":1,"name":"Portada","item":"https:\/\/sdgmusicministry.com\/"},{"@type":"ListItem","position":2,"name":"Objetivos"}]},{"@type":"WebSite","@id":"https:\/\/sdgmusicministry.com\/#website","url":"https:\/\/sdgmusicministry.com\/","name":"SDG Music Ministry","description":"Soli Deo Gloria - Christian Musicians Ministry","publisher":{"@id":"https:\/\/sdgmusicministry.com\/#organization"},"potentialAction":[{"@type":"SearchAction","target":{"@type":"EntryPoint","urlTemplate":"https:\/\/sdgmusicministry.com\/?s={search_term_string}"},"query-input":{"@type":"PropertyValueSpecification","valueRequired":true,"valueName":"search_term_string"}}],"inLanguage":"en-US"},{"@type":"Organization","@id":"https:\/\/sdgmusicministry.com\/#organization","name":"SDG Music Ministry","url":"https:\/\/sdgmusicministry.com\/","logo":{"@type":"ImageObject","inLanguage":"en-US","@id":"https:\/\/sdgmusicministry.com\/#\/schema\/logo\/image\/","url":"https:\/\/sdgmusicministry.com\/wp-content\/uploads\/2019\/07\/Soli-Deo-Gloria-Gold.png","contentUrl":"https:\/\/sdgmusicministry.com\/wp-content\/uploads\/2019\/07\/Soli-Deo-Gloria-Gold.png","width":1920,"height":569,"caption":"SDG Music Ministry"},"image":{"@id":"https:\/\/sdgmusicministry.com\/#\/schema\/logo\/image\/"},"sameAs":["https:\/\/www.facebook.com\/SDGmusicministry-845028329214039\/?modal=admin_todo_tour"]}]}},"_links":{"self":[{"href":"https:\/\/sdgmusicministry.com\/en\/wp-json\/wp\/v2\/pages\/113","targetHints":{"allow":["GET"]}}],"collection":[{"href":"https:\/\/sdgmusicministry.com\/en\/wp-json\/wp\/v2\/pages"}],"about":[{"href":"https:\/\/sdgmusicministry.com\/en\/wp-json\/wp\/v2\/types\/page"}],"author":[{"embeddable":true,"href":"https:\/\/sdgmusicministry.com\/en\/wp-json\/wp\/v2\/users\/1"}],"replies":[{"embeddable":true,"href":"https:\/\/sdgmusicministry.com\/en\/wp-json\/wp\/v2\/comments?post=113"}],"version-history":[{"count":9,"href":"https:\/\/sdgmusicministry.com\/en\/wp-json\/wp\/v2\/pages\/113\/revisions"}],"predecessor-version":[{"id":133,"href":"https:\/\/sdgmusicministry.com\/en\/wp-json\/wp\/v2\/pages\/113\/revisions\/133"}],"wp:attachment":[{"href":"https:\/\/sdgmusicministry.com\/en\/wp-json\/wp\/v2\/media?parent=113"}],"curies":[{"name":"wp","href":"https:\/\/api.w.org\/{rel}","templated":true}]}}