{"id":10,"date":"2019-07-10T09:22:02","date_gmt":"2019-07-10T09:22:02","guid":{"rendered":"https:\/\/sdgmusicministry.com\/?page_id=10"},"modified":"2025-11-29T21:03:28","modified_gmt":"2025-11-29T20:03:28","slug":"quienes-somos","status":"publish","type":"page","link":"https:\/\/sdgmusicministry.com\/en\/quienes-somos\/","title":{"rendered":"About us"},"content":{"rendered":"<div data-elementor-type=\"wp-page\" data-elementor-id=\"10\" class=\"elementor elementor-10\">\n\t\t\t\t\t\t<section class=\"elementor-section elementor-top-section elementor-element elementor-element-49f16610 elementor-section-boxed elementor-section-height-default elementor-section-height-default\" data-id=\"49f16610\" data-element_type=\"section\" data-e-type=\"section\">\n\t\t\t\t\t\t<div class=\"elementor-container elementor-column-gap-default\">\n\t\t\t\t\t<div class=\"elementor-column elementor-col-100 elementor-top-column elementor-element elementor-element-5598ae3\" data-id=\"5598ae3\" data-element_type=\"column\" data-e-type=\"column\">\n\t\t\t<div class=\"elementor-widget-wrap elementor-element-populated\">\n\t\t\t\t\t\t<div class=\"elementor-element elementor-element-68dde4a1 elementor-widget elementor-widget-text-editor\" data-id=\"68dde4a1\" data-element_type=\"widget\" data-e-type=\"widget\" data-widget_type=\"text-editor.default\">\n\t\t\t\t<div class=\"elementor-widget-container\">\n\t\t\t\t\t\t\t\t\t<p><\/p>\n<p>\u00a0<\/p>\n<hr class=\"wp-block-separator\" \/>\n<p><\/p>\n<p><\/p>\n<h3 class=\"has-text-align-center wp-block-heading\">Music, Praise, Worship<\/h3>\n<p><\/p>\n<p><\/p>\n<hr class=\"wp-block-separator is-style-default\" \/>\n<p><\/p>\n<p><\/p>\n<p>A group of musicians that wants to join together to praise God and embrace the hope of the soon return of Jesus. We recognize that the gift of music is a special gift that we receive and with which we can find a way to praise our Maker.<\/p>\n<p><\/p>\n<p><\/p>\n<p>We want to do our best as worship for the glory of God. Bearing in mind the text of Isaiah 57:15 \u00abFor this is what the high and exalted One says\u2014 he who lives forever, whose name is holy: \u201cI live in a high and holy place, but also with the one who is contrite and lowly in spirit, to revive the spirit of the lowly and to revive the heart of the contrite.\"\u00bb We are moved by respect, reverence and gratitude for the High, Sublime who is capable of living in height and holiness and with the broken and humble of spirit. That concept of God is what we base ourselves on when choosing praise music: He is close to us but He is God and deserves that we give him the best for worship.<\/p>\n<p><\/p>\n<p><\/p>\n<p>We recognize the Bible as the word of God, by which Jesus reveals himself to us, who was given for each una of us in an act of supreme love. That message of supreme love, that is the essential characteristic of the faith of Jesus, is the message we must share and through which it guides us to persevere in Christ and keep his commandments. (Revelation 14:12)\u00a0<\/p>\n<p><\/p>\n<p><\/p>\n<p>To be updated with our activities you can see our <a href=\"https:\/\/sdgmusicministry.com\/en\/eventos\/\">calendar<\/a> or subscribe to our <a href=\"https:\/\/www.facebook.com\/sdgmusicministry\">Facebook page<\/a>.<\/p>\n<p><\/p>\n<p><\/p>\n<p>Below we leave you our curricular information and the composition of our interpretive team:<\/p>\n<ul>\n<li><a href=\"https:\/\/sdgmusicministry.com\/wp-content\/uploads\/2022\/04\/CV-Orquesta_SDG.pdf\" target=\"_blank\" rel=\"noopener\">Curriculum Vitae<\/a><\/li>\n<li><a href=\"https:\/\/sdgmusicministry.com\/wp-content\/uploads\/2022\/04\/Formacio\u0301n-de-la-OSDG.pdf\" target=\"_blank\" rel=\"noopener\">Orchestra formation<\/a><\/li>\n<\/ul>\n<p>\u00a0<\/p>\n<p><\/p>\n<p><\/p>\n<p>\u00a0<\/p>\n<p><\/p>\n<p><\/p>\n<p><\/p>\t\t\t\t\t\t\t\t<\/div>\n\t\t\t\t<\/div>\n\t\t\t\t\t<\/div>\n\t\t<\/div>\n\t\t\t\t\t<\/div>\n\t\t<\/section>\n\t\t\t\t<section class=\"elementor-section elementor-top-section elementor-element elementor-element-c3710e6 elementor-section-boxed elementor-section-height-default elementor-section-height-default\" data-id=\"c3710e6\" data-element_type=\"section\" data-e-type=\"section\">\n\t\t\t\t\t\t<div class=\"elementor-container elementor-column-gap-default\">\n\t\t\t\t\t<div class=\"elementor-column elementor-col-100 elementor-top-column elementor-element elementor-element-8c62c7d\" data-id=\"8c62c7d\" data-element_type=\"column\" data-e-type=\"column\">\n\t\t\t<div class=\"elementor-widget-wrap elementor-element-populated\">\n\t\t\t\t\t\t<div class=\"elementor-element elementor-element-af834c5 elementor-widget elementor-widget-video\" data-id=\"af834c5\" data-element_type=\"widget\" data-e-type=\"widget\" data-settings=\"{&quot;youtube_url&quot;:&quot;https:\\\/\\\/www.youtube.com\\\/watch?v=cvz7XMoSq8M&quot;,&quot;autoplay&quot;:&quot;yes&quot;,&quot;play_on_mobile&quot;:&quot;yes&quot;,&quot;mute&quot;:&quot;yes&quot;,&quot;loop&quot;:&quot;yes&quot;,&quot;video_type&quot;:&quot;youtube&quot;,&quot;controls&quot;:&quot;yes&quot;}\" data-widget_type=\"video.default\">\n\t\t\t\t<div class=\"elementor-widget-container\">\n\t\t\t\t\t\t\t<div class=\"elementor-wrapper elementor-open-inline\">\n\t\t\t<div class=\"elementor-video\"><\/div>\t\t<\/div>\n\t\t\t\t\t\t<\/div>\n\t\t\t\t<\/div>\n\t\t\t\t\t<\/div>\n\t\t<\/div>\n\t\t\t\t\t<\/div>\n\t\t<\/section>\n\t\t\t\t<section class=\"elementor-section elementor-top-section elementor-element elementor-element-26b8687 elementor-section-boxed elementor-section-height-default elementor-section-height-default\" data-id=\"26b8687\" data-element_type=\"section\" data-e-type=\"section\">\n\t\t\t\t\t\t<div class=\"elementor-container elementor-column-gap-default\">\n\t\t\t\t\t<div class=\"elementor-column elementor-col-100 elementor-top-column elementor-element elementor-element-9f8f2c6\" data-id=\"9f8f2c6\" data-element_type=\"column\" data-e-type=\"column\">\n\t\t\t<div class=\"elementor-widget-wrap elementor-element-populated\">\n\t\t\t\t\t\t<div class=\"elementor-element elementor-element-2cb6f93 elementor-widget elementor-widget-image\" data-id=\"2cb6f93\" data-element_type=\"widget\" data-e-type=\"widget\" data-widget_type=\"image.default\">\n\t\t\t\t<div class=\"elementor-widget-container\">\n\t\t\t\t\t\t\t\t\t\t\t\t\t\t\t<img fetchpriority=\"high\" decoding=\"async\" width=\"640\" height=\"360\" src=\"https:\/\/sdgmusicministry.com\/wp-content\/uploads\/2025\/11\/Aranjuez-1024x576.jpeg\" class=\"attachment-large size-large wp-image-98991\" alt=\"Concierto Aranjuez SDG\" srcset=\"https:\/\/sdgmusicministry.com\/wp-content\/uploads\/2025\/11\/Aranjuez-1024x576.jpeg 1024w, https:\/\/sdgmusicministry.com\/wp-content\/uploads\/2025\/11\/Aranjuez-300x169.jpeg 300w, https:\/\/sdgmusicministry.com\/wp-content\/uploads\/2025\/11\/Aranjuez-768x432.jpeg 768w, https:\/\/sdgmusicministry.com\/wp-content\/uploads\/2025\/11\/Aranjuez-1536x864.jpeg 1536w, https:\/\/sdgmusicministry.com\/wp-content\/uploads\/2025\/11\/Aranjuez-18x10.jpeg 18w, https:\/\/sdgmusicministry.com\/wp-content\/uploads\/2025\/11\/Aranjuez-700x394.jpeg 700w, https:\/\/sdgmusicministry.com\/wp-content\/uploads\/2025\/11\/Aranjuez-520x292.jpeg 520w, https:\/\/sdgmusicministry.com\/wp-content\/uploads\/2025\/11\/Aranjuez-360x202.jpeg 360w, https:\/\/sdgmusicministry.com\/wp-content\/uploads\/2025\/11\/Aranjuez-250x141.jpeg 250w, https:\/\/sdgmusicministry.com\/wp-content\/uploads\/2025\/11\/Aranjuez-100x56.jpeg 100w, https:\/\/sdgmusicministry.com\/wp-content\/uploads\/2025\/11\/Aranjuez.jpeg 1599w\" sizes=\"(max-width: 640px) 100vw, 640px\" \/>\t\t\t\t\t\t\t\t\t\t\t\t\t\t\t<\/div>\n\t\t\t\t<\/div>\n\t\t\t\t\t<\/div>\n\t\t<\/div>\n\t\t\t\t\t<\/div>\n\t\t<\/section>\n\t\t\t\t<\/div>","protected":false},"excerpt":{"rendered":"<p>M\u00fasica, Alabanza, Adoraci\u00f3n Un grupo de m\u00fasicos, que deseamos unirnos para alabar a Dios y abrazamos la esperanza del pronto regreso de Jes\u00fas. Reconocemos que el don de la m\u00fasica es un regalo especial que recibimos y con el que [&hellip;]<\/p>\n","protected":false},"author":1,"featured_media":0,"parent":0,"menu_order":0,"comment_status":"closed","ping_status":"closed","template":"","meta":{"inline_featured_image":false,"footnotes":""},"class_list":["post-10","page","type-page","status-publish","hentry","clearfix"],"yoast_head":"<!-- This site is optimized with the Yoast SEO plugin v27.3 - https:\/\/yoast.com\/product\/yoast-seo-wordpress\/ -->\n<title>Quienes somos - SDG Music Ministry<\/title>\n<meta name=\"robots\" content=\"index, follow, max-snippet:-1, max-image-preview:large, max-video-preview:-1\" \/>\n<link rel=\"canonical\" href=\"https:\/\/sdgmusicministry.com\/en\/quienes-somos\/\" \/>\n<meta property=\"og:locale\" content=\"en_US\" \/>\n<meta property=\"og:type\" content=\"article\" \/>\n<meta property=\"og:title\" content=\"Quienes somos - SDG Music Ministry\" \/>\n<meta property=\"og:description\" content=\"M\u00fasica, Alabanza, Adoraci\u00f3n Un grupo de m\u00fasicos, que deseamos unirnos para alabar a Dios y abrazamos la esperanza del pronto regreso de Jes\u00fas. Reconocemos que el don de la m\u00fasica es un regalo especial que recibimos y con el que [&hellip;]\" \/>\n<meta property=\"og:url\" content=\"https:\/\/sdgmusicministry.com\/en\/quienes-somos\/\" \/>\n<meta property=\"og:site_name\" content=\"SDG Music Ministry\" \/>\n<meta property=\"article:publisher\" content=\"https:\/\/www.facebook.com\/SDGmusicministry-845028329214039\/?modal=admin_todo_tour\" \/>\n<meta property=\"article:modified_time\" content=\"2025-11-29T20:03:28+00:00\" \/>\n<meta property=\"og:image\" content=\"https:\/\/sdgmusicministry.com\/wp-content\/uploads\/2025\/11\/Aranjuez-1024x576.jpeg\" \/>\n<meta name=\"twitter:card\" content=\"summary_large_image\" \/>\n<meta name=\"twitter:label1\" content=\"Est. reading time\" \/>\n\t<meta name=\"twitter:data1\" content=\"2 minutes\" \/>\n<script type=\"application\/ld+json\" class=\"yoast-schema-graph\">{\"@context\":\"https:\\\/\\\/schema.org\",\"@graph\":[{\"@type\":\"WebPage\",\"@id\":\"https:\\\/\\\/sdgmusicministry.com\\\/quienes-somos\\\/\",\"url\":\"https:\\\/\\\/sdgmusicministry.com\\\/quienes-somos\\\/\",\"name\":\"Quienes somos - SDG Music Ministry\",\"isPartOf\":{\"@id\":\"https:\\\/\\\/sdgmusicministry.com\\\/#website\"},\"primaryImageOfPage\":{\"@id\":\"https:\\\/\\\/sdgmusicministry.com\\\/quienes-somos\\\/#primaryimage\"},\"image\":{\"@id\":\"https:\\\/\\\/sdgmusicministry.com\\\/quienes-somos\\\/#primaryimage\"},\"thumbnailUrl\":\"https:\\\/\\\/sdgmusicministry.com\\\/wp-content\\\/uploads\\\/2025\\\/11\\\/Aranjuez-1024x576.jpeg\",\"datePublished\":\"2019-07-10T09:22:02+00:00\",\"dateModified\":\"2025-11-29T20:03:28+00:00\",\"breadcrumb\":{\"@id\":\"https:\\\/\\\/sdgmusicministry.com\\\/quienes-somos\\\/#breadcrumb\"},\"inLanguage\":\"en-US\",\"potentialAction\":[{\"@type\":\"ReadAction\",\"target\":[\"https:\\\/\\\/sdgmusicministry.com\\\/quienes-somos\\\/\"]}]},{\"@type\":\"ImageObject\",\"inLanguage\":\"en-US\",\"@id\":\"https:\\\/\\\/sdgmusicministry.com\\\/quienes-somos\\\/#primaryimage\",\"url\":\"https:\\\/\\\/sdgmusicministry.com\\\/wp-content\\\/uploads\\\/2025\\\/11\\\/Aranjuez-1024x576.jpeg\",\"contentUrl\":\"https:\\\/\\\/sdgmusicministry.com\\\/wp-content\\\/uploads\\\/2025\\\/11\\\/Aranjuez-1024x576.jpeg\"},{\"@type\":\"BreadcrumbList\",\"@id\":\"https:\\\/\\\/sdgmusicministry.com\\\/quienes-somos\\\/#breadcrumb\",\"itemListElement\":[{\"@type\":\"ListItem\",\"position\":1,\"name\":\"Portada\",\"item\":\"https:\\\/\\\/sdgmusicministry.com\\\/\"},{\"@type\":\"ListItem\",\"position\":2,\"name\":\"Quienes somos\"}]},{\"@type\":\"WebSite\",\"@id\":\"https:\\\/\\\/sdgmusicministry.com\\\/#website\",\"url\":\"https:\\\/\\\/sdgmusicministry.com\\\/\",\"name\":\"SDG Music Ministry\",\"description\":\"Soli Deo Gloria - Christian Musicians Ministry\",\"publisher\":{\"@id\":\"https:\\\/\\\/sdgmusicministry.com\\\/#organization\"},\"potentialAction\":[{\"@type\":\"SearchAction\",\"target\":{\"@type\":\"EntryPoint\",\"urlTemplate\":\"https:\\\/\\\/sdgmusicministry.com\\\/?s={search_term_string}\"},\"query-input\":{\"@type\":\"PropertyValueSpecification\",\"valueRequired\":true,\"valueName\":\"search_term_string\"}}],\"inLanguage\":\"en-US\"},{\"@type\":\"Organization\",\"@id\":\"https:\\\/\\\/sdgmusicministry.com\\\/#organization\",\"name\":\"SDG Music Ministry\",\"url\":\"https:\\\/\\\/sdgmusicministry.com\\\/\",\"logo\":{\"@type\":\"ImageObject\",\"inLanguage\":\"en-US\",\"@id\":\"https:\\\/\\\/sdgmusicministry.com\\\/#\\\/schema\\\/logo\\\/image\\\/\",\"url\":\"https:\\\/\\\/sdgmusicministry.com\\\/wp-content\\\/uploads\\\/2019\\\/07\\\/Soli-Deo-Gloria-Gold.png\",\"contentUrl\":\"https:\\\/\\\/sdgmusicministry.com\\\/wp-content\\\/uploads\\\/2019\\\/07\\\/Soli-Deo-Gloria-Gold.png\",\"width\":1920,\"height\":569,\"caption\":\"SDG Music Ministry\"},\"image\":{\"@id\":\"https:\\\/\\\/sdgmusicministry.com\\\/#\\\/schema\\\/logo\\\/image\\\/\"},\"sameAs\":[\"https:\\\/\\\/www.facebook.com\\\/SDGmusicministry-845028329214039\\\/?modal=admin_todo_tour\"]}]}<\/script>\n<!-- \/ Yoast SEO plugin. -->","yoast_head_json":{"title":"Quienes somos - SDG Music Ministry","robots":{"index":"index","follow":"follow","max-snippet":"max-snippet:-1","max-image-preview":"max-image-preview:large","max-video-preview":"max-video-preview:-1"},"canonical":"https:\/\/sdgmusicministry.com\/en\/quienes-somos\/","og_locale":"en_US","og_type":"article","og_title":"Quienes somos - SDG Music Ministry","og_description":"M\u00fasica, Alabanza, Adoraci\u00f3n Un grupo de m\u00fasicos, que deseamos unirnos para alabar a Dios y abrazamos la esperanza del pronto regreso de Jes\u00fas. Reconocemos que el don de la m\u00fasica es un regalo especial que recibimos y con el que [&hellip;]","og_url":"https:\/\/sdgmusicministry.com\/en\/quienes-somos\/","og_site_name":"SDG Music Ministry","article_publisher":"https:\/\/www.facebook.com\/SDGmusicministry-845028329214039\/?modal=admin_todo_tour","article_modified_time":"2025-11-29T20:03:28+00:00","og_image":[{"url":"https:\/\/sdgmusicministry.com\/wp-content\/uploads\/2025\/11\/Aranjuez-1024x576.jpeg","type":"","width":"","height":""}],"twitter_card":"summary_large_image","twitter_misc":{"Est. reading time":"2 minutes"},"schema":{"@context":"https:\/\/schema.org","@graph":[{"@type":"WebPage","@id":"https:\/\/sdgmusicministry.com\/quienes-somos\/","url":"https:\/\/sdgmusicministry.com\/quienes-somos\/","name":"Quienes somos - SDG Music Ministry","isPartOf":{"@id":"https:\/\/sdgmusicministry.com\/#website"},"primaryImageOfPage":{"@id":"https:\/\/sdgmusicministry.com\/quienes-somos\/#primaryimage"},"image":{"@id":"https:\/\/sdgmusicministry.com\/quienes-somos\/#primaryimage"},"thumbnailUrl":"https:\/\/sdgmusicministry.com\/wp-content\/uploads\/2025\/11\/Aranjuez-1024x576.jpeg","datePublished":"2019-07-10T09:22:02+00:00","dateModified":"2025-11-29T20:03:28+00:00","breadcrumb":{"@id":"https:\/\/sdgmusicministry.com\/quienes-somos\/#breadcrumb"},"inLanguage":"en-US","potentialAction":[{"@type":"ReadAction","target":["https:\/\/sdgmusicministry.com\/quienes-somos\/"]}]},{"@type":"ImageObject","inLanguage":"en-US","@id":"https:\/\/sdgmusicministry.com\/quienes-somos\/#primaryimage","url":"https:\/\/sdgmusicministry.com\/wp-content\/uploads\/2025\/11\/Aranjuez-1024x576.jpeg","contentUrl":"https:\/\/sdgmusicministry.com\/wp-content\/uploads\/2025\/11\/Aranjuez-1024x576.jpeg"},{"@type":"BreadcrumbList","@id":"https:\/\/sdgmusicministry.com\/quienes-somos\/#breadcrumb","itemListElement":[{"@type":"ListItem","position":1,"name":"Portada","item":"https:\/\/sdgmusicministry.com\/"},{"@type":"ListItem","position":2,"name":"Quienes somos"}]},{"@type":"WebSite","@id":"https:\/\/sdgmusicministry.com\/#website","url":"https:\/\/sdgmusicministry.com\/","name":"SDG Music Ministry","description":"Soli Deo Gloria - Christian Musicians Ministry","publisher":{"@id":"https:\/\/sdgmusicministry.com\/#organization"},"potentialAction":[{"@type":"SearchAction","target":{"@type":"EntryPoint","urlTemplate":"https:\/\/sdgmusicministry.com\/?s={search_term_string}"},"query-input":{"@type":"PropertyValueSpecification","valueRequired":true,"valueName":"search_term_string"}}],"inLanguage":"en-US"},{"@type":"Organization","@id":"https:\/\/sdgmusicministry.com\/#organization","name":"SDG Music Ministry","url":"https:\/\/sdgmusicministry.com\/","logo":{"@type":"ImageObject","inLanguage":"en-US","@id":"https:\/\/sdgmusicministry.com\/#\/schema\/logo\/image\/","url":"https:\/\/sdgmusicministry.com\/wp-content\/uploads\/2019\/07\/Soli-Deo-Gloria-Gold.png","contentUrl":"https:\/\/sdgmusicministry.com\/wp-content\/uploads\/2019\/07\/Soli-Deo-Gloria-Gold.png","width":1920,"height":569,"caption":"SDG Music Ministry"},"image":{"@id":"https:\/\/sdgmusicministry.com\/#\/schema\/logo\/image\/"},"sameAs":["https:\/\/www.facebook.com\/SDGmusicministry-845028329214039\/?modal=admin_todo_tour"]}]}},"_links":{"self":[{"href":"https:\/\/sdgmusicministry.com\/en\/wp-json\/wp\/v2\/pages\/10","targetHints":{"allow":["GET"]}}],"collection":[{"href":"https:\/\/sdgmusicministry.com\/en\/wp-json\/wp\/v2\/pages"}],"about":[{"href":"https:\/\/sdgmusicministry.com\/en\/wp-json\/wp\/v2\/types\/page"}],"author":[{"embeddable":true,"href":"https:\/\/sdgmusicministry.com\/en\/wp-json\/wp\/v2\/users\/1"}],"replies":[{"embeddable":true,"href":"https:\/\/sdgmusicministry.com\/en\/wp-json\/wp\/v2\/comments?post=10"}],"version-history":[{"count":22,"href":"https:\/\/sdgmusicministry.com\/en\/wp-json\/wp\/v2\/pages\/10\/revisions"}],"predecessor-version":[{"id":98995,"href":"https:\/\/sdgmusicministry.com\/en\/wp-json\/wp\/v2\/pages\/10\/revisions\/98995"}],"wp:attachment":[{"href":"https:\/\/sdgmusicministry.com\/en\/wp-json\/wp\/v2\/media?parent=10"}],"curies":[{"name":"wp","href":"https:\/\/api.w.org\/{rel}","templated":true}]}}